{"id":2324,"date":"2025-06-19T13:28:11","date_gmt":"2025-06-19T13:28:11","guid":{"rendered":"https:\/\/romearthotel.com\/hotels\/"},"modified":"2026-01-22T16:45:24","modified_gmt":"2026-01-22T16:45:24","slug":"hotel","status":"publish","type":"page","link":"https:\/\/romearthotel.com\/fr\/hotel\/","title":{"rendered":"H\u00f4tel"},"content":{"rendered":"\t\t<div data-elementor-type=\"wp-page\" data-elementor-id=\"2324\" class=\"elementor elementor-2324 elementor-1096\" data-elementor-post-type=\"page\">\n\t\t\t\t\t\t<section class=\"elementor-section elementor-top-section elementor-element elementor-element-6f224e2 elementor-section-height-min-height elementor-section-boxed elementor-section-height-default elementor-section-items-middle\" data-id=\"6f224e2\" data-element_type=\"section\" data-e-type=\"section\" data-settings=\"{&quot;background_background&quot;:&quot;classic&quot;}\">\n\t\t\t\t\t\t<div class=\"elementor-container elementor-column-gap-default\">\n\t\t\t\t\t<div class=\"elementor-column elementor-col-100 elementor-top-column elementor-element elementor-element-c2b85b0\" data-id=\"c2b85b0\" data-element_type=\"column\" data-e-type=\"column\">\n\t\t\t<div class=\"elementor-widget-wrap\">\n\t\t\t\t\t\t\t<\/div>\n\t\t<\/div>\n\t\t\t\t\t<\/div>\n\t\t<\/section>\n\t\t\t\t<section class=\"elementor-section elementor-top-section elementor-element elementor-element-aa089c9 elementor-section-boxed elementor-section-height-default elementor-section-height-default\" data-id=\"aa089c9\" data-element_type=\"section\" data-e-type=\"section\" data-settings=\"{&quot;background_background&quot;:&quot;classic&quot;}\">\n\t\t\t\t\t\t<div class=\"elementor-container elementor-column-gap-default\">\n\t\t\t\t\t<div class=\"elementor-column elementor-col-100 elementor-top-column elementor-element elementor-element-29152d3\" data-id=\"29152d3\" data-element_type=\"column\" data-e-type=\"column\">\n\t\t\t<div class=\"elementor-widget-wrap elementor-element-populated\">\n\t\t\t\t\t\t<div class=\"elementor-element elementor-element-956e924 elementor-widget__width-auto elementor-hidden-tablet elementor-hidden-mobile elementor-widget-divider--view-line elementor-widget elementor-widget-divider\" data-id=\"956e924\" data-element_type=\"widget\" data-e-type=\"widget\" data-widget_type=\"divider.default\">\n\t\t\t\t<div class=\"elementor-widget-container\">\n\t\t\t\t\t\t\t<div class=\"elementor-divider\">\n\t\t\t<span class=\"elementor-divider-separator\">\n\t\t\t\t\t\t<\/span>\n\t\t<\/div>\n\t\t\t\t\t\t<\/div>\n\t\t\t\t<\/div>\n\t\t\t\t<div class=\"elementor-element elementor-element-0ad63e2 elementor-widget__width-auto elementor-widget elementor-widget-heading\" data-id=\"0ad63e2\" data-element_type=\"widget\" data-e-type=\"widget\" data-widget_type=\"heading.default\">\n\t\t\t\t<div class=\"elementor-widget-container\">\n\t\t\t\t\t<h1 class=\"elementor-heading-title elementor-size-default\">Rome Art Hotel<\/h1>\t\t\t\t<\/div>\n\t\t\t\t<\/div>\n\t\t\t\t\t<\/div>\n\t\t<\/div>\n\t\t\t\t\t<\/div>\n\t\t<\/section>\n\t\t\t\t<section class=\"elementor-section elementor-top-section elementor-element elementor-element-20ccd7b elementor-section-content-middle elementor-section-boxed elementor-section-height-default elementor-section-height-default\" data-id=\"20ccd7b\" data-element_type=\"section\" data-e-type=\"section\" data-settings=\"{&quot;background_background&quot;:&quot;classic&quot;}\">\n\t\t\t\t\t\t<div class=\"elementor-container elementor-column-gap-no\">\n\t\t\t\t\t<div class=\"elementor-column elementor-col-50 elementor-top-column elementor-element elementor-element-ccc226d\" data-id=\"ccc226d\" data-element_type=\"column\" data-e-type=\"column\">\n\t\t\t<div class=\"elementor-widget-wrap elementor-element-populated\">\n\t\t\t\t\t\t<div class=\"elementor-element elementor-element-d184c51 elementor-widget elementor-widget-heading\" data-id=\"d184c51\" data-element_type=\"widget\" data-e-type=\"widget\" data-widget_type=\"heading.default\">\n\t\t\t\t<div class=\"elementor-widget-container\">\n\t\t\t\t\t<h4 class=\"elementor-heading-title elementor-size-default\">Dans un immeuble d'\u00e9poque, entre la Place d'Espagne et la Fontaine de Trevi.<\/h4>\t\t\t\t<\/div>\n\t\t\t\t<\/div>\n\t\t\t\t<div class=\"elementor-element elementor-element-321079d elementor-widget elementor-widget-text-editor\" data-id=\"321079d\" data-element_type=\"widget\" data-e-type=\"widget\" data-widget_type=\"text-editor.default\">\n\t\t\t\t<div class=\"elementor-widget-container\">\n\t\t\t\t\t\t\t\t\t<p>L&rsquo;h\u00f4tel b\u00e9n\u00e9ficie d&rsquo;un emplacement strat\u00e9gique entre <strong>le Panth\u00e9on<\/strong>, la <strong>Place d&rsquo;Espagne<\/strong> et la <strong>Fontaine de Trevi<\/strong>, en plein c\u0153ur du centre historique et \u00e0 proximit\u00e9 imm\u00e9diate du plus important centre commercial de luxe d&rsquo;Italie.<\/p><p>Les 36 chambres r\u00e9cemment r\u00e9nov\u00e9es de l&rsquo;\u00e9tablissement accueillent les h\u00f4tes dans des espaces lumineux et raffin\u00e9s, meubl\u00e9s dans un style contemporain pour un confort optimal et une atmosph\u00e8re relaxante.<\/p><p>L&rsquo;\u00e9tablissement se compose de deux b\u00e2timents se faisant face\u00a0: le b\u00e2timent principal abrite 9 chambres et la r\u00e9ception ouverte 24h\/24. L&rsquo;annexe, situ\u00e9e en face du b\u00e2timent principal et install\u00e9e dans un charmant b\u00e2timent historique, comprend les 27 chambres spacieuses restantes, id\u00e9ales pour les familles nombreuses. Elle dispose \u00e9galement d&rsquo;une salle de petit-d\u00e9jeuner, un cadre convivial pour un r\u00e9veil en toute s\u00e9r\u00e9nit\u00e9. L&rsquo;acc\u00e8s \u00e0 l&rsquo;annexe se fait par quelques marches, pr\u00e9servant ainsi le caract\u00e8re authentique et le charme architectural de l&rsquo;\u00e9tablissement.<\/p>\t\t\t\t\t\t\t\t<\/div>\n\t\t\t\t<\/div>\n\t\t\t\t\t<\/div>\n\t\t<\/div>\n\t\t\t\t<div class=\"elementor-column elementor-col-50 elementor-top-column elementor-element elementor-element-f1bb709\" data-id=\"f1bb709\" data-element_type=\"column\" data-e-type=\"column\">\n\t\t\t<div class=\"elementor-widget-wrap elementor-element-populated\">\n\t\t\t\t\t\t<section class=\"elementor-section elementor-inner-section elementor-element elementor-element-cfc34fe elementor-section-full_width elementor-section-height-default elementor-section-height-default\" data-id=\"cfc34fe\" data-element_type=\"section\" data-e-type=\"section\">\n\t\t\t\t\t\t<div class=\"elementor-container elementor-column-gap-narrow\">\n\t\t\t\t\t<div class=\"elementor-column elementor-col-50 elementor-inner-column elementor-element elementor-element-13744d9\" data-id=\"13744d9\" data-element_type=\"column\" data-e-type=\"column\">\n\t\t\t<div class=\"elementor-widget-wrap elementor-element-populated\">\n\t\t\t\t\t\t<div class=\"elementor-element elementor-element-6682d4b elementor-widget elementor-widget-image\" data-id=\"6682d4b\" data-element_type=\"widget\" data-e-type=\"widget\" data-widget_type=\"image.default\">\n\t\t\t\t<div class=\"elementor-widget-container\">\n\t\t\t\t\t\t\t\t\t\t\t\t\t\t\t<img loading=\"lazy\" decoding=\"async\" width=\"605\" height=\"605\" src=\"https:\/\/romearthotel.com\/wp-content\/uploads\/2025\/10\/Triple-quadruple-room-2-605x605.webp\" class=\"attachment-th_img_md_square size-th_img_md_square wp-image-2813\" alt=\"\" srcset=\"https:\/\/romearthotel.com\/wp-content\/uploads\/2025\/10\/Triple-quadruple-room-2-605x605.webp 605w, https:\/\/romearthotel.com\/wp-content\/uploads\/2025\/10\/Triple-quadruple-room-2-300x300.webp 300w, https:\/\/romearthotel.com\/wp-content\/uploads\/2025\/10\/Triple-quadruple-room-2-150x150.webp 150w, https:\/\/romearthotel.com\/wp-content\/uploads\/2025\/10\/Triple-quadruple-room-2-768x768.webp 768w, https:\/\/romearthotel.com\/wp-content\/uploads\/2025\/10\/Triple-quadruple-room-2-80x80.webp 80w, https:\/\/romearthotel.com\/wp-content\/uploads\/2025\/10\/Triple-quadruple-room-2-394x394.webp 394w, https:\/\/romearthotel.com\/wp-content\/uploads\/2025\/10\/Triple-quadruple-room-2-303x303.webp 303w, https:\/\/romearthotel.com\/wp-content\/uploads\/2025\/10\/Triple-quadruple-room-2-700x700.webp 700w, https:\/\/romearthotel.com\/wp-content\/uploads\/2025\/10\/Triple-quadruple-room-2-950x950.webp 950w, https:\/\/romearthotel.com\/wp-content\/uploads\/2025\/10\/Triple-quadruple-room-2-100x100.webp 100w, https:\/\/romearthotel.com\/wp-content\/uploads\/2025\/10\/Triple-quadruple-room-2.webp 1020w\" sizes=\"auto, (max-width: 605px) 100vw, 605px\" \/>\t\t\t\t\t\t\t\t\t\t\t\t\t\t\t<\/div>\n\t\t\t\t<\/div>\n\t\t\t\t\t<\/div>\n\t\t<\/div>\n\t\t\t\t<div class=\"elementor-column elementor-col-50 elementor-inner-column elementor-element elementor-element-1df6dee\" data-id=\"1df6dee\" data-element_type=\"column\" data-e-type=\"column\">\n\t\t\t<div class=\"elementor-widget-wrap elementor-element-populated\">\n\t\t\t\t\t\t<div class=\"elementor-element elementor-element-a1a46e9 elementor-widget elementor-widget-image\" data-id=\"a1a46e9\" data-element_type=\"widget\" data-e-type=\"widget\" data-widget_type=\"image.default\">\n\t\t\t\t<div class=\"elementor-widget-container\">\n\t\t\t\t\t\t\t\t\t\t\t\t\t\t\t<img loading=\"lazy\" decoding=\"async\" width=\"605\" height=\"605\" src=\"https:\/\/romearthotel.com\/wp-content\/uploads\/2025\/10\/IMG_20250724_124415-605x605.webp\" class=\"attachment-th_img_md_square size-th_img_md_square wp-image-2808\" alt=\"\" srcset=\"https:\/\/romearthotel.com\/wp-content\/uploads\/2025\/10\/IMG_20250724_124415-605x605.webp 605w, https:\/\/romearthotel.com\/wp-content\/uploads\/2025\/10\/IMG_20250724_124415-300x300.webp 300w, https:\/\/romearthotel.com\/wp-content\/uploads\/2025\/10\/IMG_20250724_124415-150x150.webp 150w, https:\/\/romearthotel.com\/wp-content\/uploads\/2025\/10\/IMG_20250724_124415-768x768.webp 768w, https:\/\/romearthotel.com\/wp-content\/uploads\/2025\/10\/IMG_20250724_124415-80x80.webp 80w, https:\/\/romearthotel.com\/wp-content\/uploads\/2025\/10\/IMG_20250724_124415-394x394.webp 394w, https:\/\/romearthotel.com\/wp-content\/uploads\/2025\/10\/IMG_20250724_124415-303x303.webp 303w, https:\/\/romearthotel.com\/wp-content\/uploads\/2025\/10\/IMG_20250724_124415-700x700.webp 700w, https:\/\/romearthotel.com\/wp-content\/uploads\/2025\/10\/IMG_20250724_124415-950x950.webp 950w, https:\/\/romearthotel.com\/wp-content\/uploads\/2025\/10\/IMG_20250724_124415-100x100.webp 100w, https:\/\/romearthotel.com\/wp-content\/uploads\/2025\/10\/IMG_20250724_124415.webp 1020w\" sizes=\"auto, (max-width: 605px) 100vw, 605px\" \/>\t\t\t\t\t\t\t\t\t\t\t\t\t\t\t<\/div>\n\t\t\t\t<\/div>\n\t\t\t\t\t<\/div>\n\t\t<\/div>\n\t\t\t\t\t<\/div>\n\t\t<\/section>\n\t\t\t\t<section class=\"elementor-section elementor-inner-section elementor-element elementor-element-119c3a0 elementor-section-full_width elementor-section-height-default elementor-section-height-default\" data-id=\"119c3a0\" data-element_type=\"section\" data-e-type=\"section\">\n\t\t\t\t\t\t<div class=\"elementor-container elementor-column-gap-narrow\">\n\t\t\t\t\t<div class=\"elementor-column elementor-col-50 elementor-inner-column elementor-element elementor-element-08017b9\" data-id=\"08017b9\" data-element_type=\"column\" data-e-type=\"column\">\n\t\t\t<div class=\"elementor-widget-wrap elementor-element-populated\">\n\t\t\t\t\t\t<div class=\"elementor-element elementor-element-dcbb115 elementor-widget elementor-widget-image\" data-id=\"dcbb115\" data-element_type=\"widget\" data-e-type=\"widget\" data-widget_type=\"image.default\">\n\t\t\t\t<div class=\"elementor-widget-container\">\n\t\t\t\t\t\t\t\t\t\t\t\t\t\t\t<img loading=\"lazy\" decoding=\"async\" width=\"605\" height=\"605\" src=\"https:\/\/romearthotel.com\/wp-content\/uploads\/2025\/10\/IMG_20250724_123613-605x605.webp\" class=\"attachment-th_img_md_square size-th_img_md_square wp-image-2803\" alt=\"\" srcset=\"https:\/\/romearthotel.com\/wp-content\/uploads\/2025\/10\/IMG_20250724_123613-605x605.webp 605w, https:\/\/romearthotel.com\/wp-content\/uploads\/2025\/10\/IMG_20250724_123613-300x300.webp 300w, https:\/\/romearthotel.com\/wp-content\/uploads\/2025\/10\/IMG_20250724_123613-150x150.webp 150w, https:\/\/romearthotel.com\/wp-content\/uploads\/2025\/10\/IMG_20250724_123613-768x768.webp 768w, https:\/\/romearthotel.com\/wp-content\/uploads\/2025\/10\/IMG_20250724_123613-80x80.webp 80w, https:\/\/romearthotel.com\/wp-content\/uploads\/2025\/10\/IMG_20250724_123613-394x394.webp 394w, https:\/\/romearthotel.com\/wp-content\/uploads\/2025\/10\/IMG_20250724_123613-303x303.webp 303w, https:\/\/romearthotel.com\/wp-content\/uploads\/2025\/10\/IMG_20250724_123613-700x700.webp 700w, https:\/\/romearthotel.com\/wp-content\/uploads\/2025\/10\/IMG_20250724_123613-950x950.webp 950w, https:\/\/romearthotel.com\/wp-content\/uploads\/2025\/10\/IMG_20250724_123613-100x100.webp 100w, https:\/\/romearthotel.com\/wp-content\/uploads\/2025\/10\/IMG_20250724_123613.webp 1020w\" sizes=\"auto, (max-width: 605px) 100vw, 605px\" \/>\t\t\t\t\t\t\t\t\t\t\t\t\t\t\t<\/div>\n\t\t\t\t<\/div>\n\t\t\t\t\t<\/div>\n\t\t<\/div>\n\t\t\t\t<div class=\"elementor-column elementor-col-50 elementor-inner-column elementor-element elementor-element-c6446f5\" data-id=\"c6446f5\" data-element_type=\"column\" data-e-type=\"column\">\n\t\t\t<div class=\"elementor-widget-wrap elementor-element-populated\">\n\t\t\t\t\t\t<div class=\"elementor-element elementor-element-9dbf8f7 elementor-widget elementor-widget-image\" data-id=\"9dbf8f7\" data-element_type=\"widget\" data-e-type=\"widget\" data-widget_type=\"image.default\">\n\t\t\t\t<div class=\"elementor-widget-container\">\n\t\t\t\t\t\t\t\t\t\t\t\t\t\t\t<img loading=\"lazy\" decoding=\"async\" width=\"605\" height=\"605\" src=\"https:\/\/romearthotel.com\/wp-content\/uploads\/2025\/10\/IMG_20250724_122433-605x605.webp\" class=\"attachment-th_img_md_square size-th_img_md_square wp-image-2798\" alt=\"\" srcset=\"https:\/\/romearthotel.com\/wp-content\/uploads\/2025\/10\/IMG_20250724_122433-605x605.webp 605w, https:\/\/romearthotel.com\/wp-content\/uploads\/2025\/10\/IMG_20250724_122433-300x300.webp 300w, https:\/\/romearthotel.com\/wp-content\/uploads\/2025\/10\/IMG_20250724_122433-150x150.webp 150w, https:\/\/romearthotel.com\/wp-content\/uploads\/2025\/10\/IMG_20250724_122433-768x768.webp 768w, https:\/\/romearthotel.com\/wp-content\/uploads\/2025\/10\/IMG_20250724_122433-80x80.webp 80w, https:\/\/romearthotel.com\/wp-content\/uploads\/2025\/10\/IMG_20250724_122433-394x394.webp 394w, https:\/\/romearthotel.com\/wp-content\/uploads\/2025\/10\/IMG_20250724_122433-303x303.webp 303w, https:\/\/romearthotel.com\/wp-content\/uploads\/2025\/10\/IMG_20250724_122433-700x700.webp 700w, https:\/\/romearthotel.com\/wp-content\/uploads\/2025\/10\/IMG_20250724_122433-950x950.webp 950w, https:\/\/romearthotel.com\/wp-content\/uploads\/2025\/10\/IMG_20250724_122433-100x100.webp 100w, https:\/\/romearthotel.com\/wp-content\/uploads\/2025\/10\/IMG_20250724_122433.webp 1020w\" sizes=\"auto, (max-width: 605px) 100vw, 605px\" \/>\t\t\t\t\t\t\t\t\t\t\t\t\t\t\t<\/div>\n\t\t\t\t<\/div>\n\t\t\t\t\t<\/div>\n\t\t<\/div>\n\t\t\t\t\t<\/div>\n\t\t<\/section>\n\t\t\t\t\t<\/div>\n\t\t<\/div>\n\t\t\t\t\t<\/div>\n\t\t<\/section>\n\t\t\t\t<\/div>\n\t\t","protected":false},"excerpt":{"rendered":"<p>Rome Art Hotel Dans un immeuble d&rsquo;\u00e9poque, entre la Place d&rsquo;Espagne et la Fontaine de Trevi. L&rsquo;h\u00f4tel b\u00e9n\u00e9ficie d&rsquo;un emplacement strat\u00e9gique entre le Panth\u00e9on, la Place d&rsquo;Espagne et la Fontaine de Trevi, en plein c\u0153ur du centre historique et \u00e0 &hellip; <a href=\"https:\/\/romearthotel.com\/fr\/hotel\/\">Read More<\/a><\/p>\n","protected":false},"author":1,"featured_media":0,"parent":0,"menu_order":0,"comment_status":"closed","ping_status":"closed","template":"","meta":{"footnotes":""},"class_list":["post-2324","page","type-page","status-publish","hentry"],"yoast_head":"<!-- This site is optimized with the Yoast SEO plugin v27.3 - https:\/\/yoast.com\/product\/yoast-seo-wordpress\/ -->\n<title>Rome Art Hotel \u2013 Histoire et Design Contemporain<\/title>\n<meta name=\"description\" content=\"D\u00e9couvrez le Rome Art Hotel, o\u00f9 le charme historique de Rome rencontre l\u2019\u00e9l\u00e9gance contemporaine. Espaces raffin\u00e9s, confort moderne .\" \/>\n<meta name=\"robots\" content=\"index, follow, max-snippet:-1, max-image-preview:large, max-video-preview:-1\" \/>\n<link rel=\"canonical\" href=\"https:\/\/romearthotel.com\/fr\/hotel\/\" \/>\n<meta property=\"og:locale\" content=\"fr_FR\" \/>\n<meta property=\"og:type\" content=\"article\" \/>\n<meta property=\"og:title\" content=\"Rome Art Hotel \u2013 Histoire et Design Contemporain\" \/>\n<meta property=\"og:description\" content=\"D\u00e9couvrez le Rome Art Hotel, o\u00f9 le charme historique de Rome rencontre l\u2019\u00e9l\u00e9gance contemporaine. Espaces raffin\u00e9s, confort moderne .\" \/>\n<meta property=\"og:url\" content=\"https:\/\/romearthotel.com\/fr\/hotel\/\" \/>\n<meta property=\"og:site_name\" content=\"Roma Art Hotel\" \/>\n<meta property=\"article:publisher\" content=\"https:\/\/www.facebook.com\/profile.php?id=61582053150194#\" \/>\n<meta property=\"article:modified_time\" content=\"2026-01-22T16:45:24+00:00\" \/>\n<meta property=\"og:image\" content=\"https:\/\/romearthotel.com\/wp-content\/uploads\/2025\/10\/Triple-quadruple-room-2.webp\" \/>\n\t<meta property=\"og:image:width\" content=\"1020\" \/>\n\t<meta property=\"og:image:height\" content=\"1020\" \/>\n\t<meta property=\"og:image:type\" content=\"image\/webp\" \/>\n<meta name=\"twitter:card\" content=\"summary_large_image\" \/>\n<meta name=\"twitter:label1\" content=\"Dur\u00e9e de lecture estim\u00e9e\" \/>\n\t<meta name=\"twitter:data1\" content=\"2 minutes\" \/>\n<script type=\"application\/ld+json\" class=\"yoast-schema-graph\">{\"@context\":\"https:\\\/\\\/schema.org\",\"@graph\":[{\"@type\":\"WebPage\",\"@id\":\"https:\\\/\\\/romearthotel.com\\\/fr\\\/hotel\\\/\",\"url\":\"https:\\\/\\\/romearthotel.com\\\/fr\\\/hotel\\\/\",\"name\":\"Rome Art Hotel \u2013 Histoire et Design Contemporain\",\"isPartOf\":{\"@id\":\"https:\\\/\\\/romearthotel.com\\\/fr\\\/#website\"},\"primaryImageOfPage\":{\"@id\":\"https:\\\/\\\/romearthotel.com\\\/fr\\\/hotel\\\/#primaryimage\"},\"image\":{\"@id\":\"https:\\\/\\\/romearthotel.com\\\/fr\\\/hotel\\\/#primaryimage\"},\"thumbnailUrl\":\"https:\\\/\\\/romearthotel.com\\\/wp-content\\\/uploads\\\/2025\\\/10\\\/Triple-quadruple-room-2-605x605.webp\",\"datePublished\":\"2025-06-19T13:28:11+00:00\",\"dateModified\":\"2026-01-22T16:45:24+00:00\",\"description\":\"D\u00e9couvrez le Rome Art Hotel, o\u00f9 le charme historique de Rome rencontre l\u2019\u00e9l\u00e9gance contemporaine. Espaces raffin\u00e9s, confort moderne .\",\"breadcrumb\":{\"@id\":\"https:\\\/\\\/romearthotel.com\\\/fr\\\/hotel\\\/#breadcrumb\"},\"inLanguage\":\"fr-FR\",\"potentialAction\":[{\"@type\":\"ReadAction\",\"target\":[\"https:\\\/\\\/romearthotel.com\\\/fr\\\/hotel\\\/\"]}]},{\"@type\":\"ImageObject\",\"inLanguage\":\"fr-FR\",\"@id\":\"https:\\\/\\\/romearthotel.com\\\/fr\\\/hotel\\\/#primaryimage\",\"url\":\"https:\\\/\\\/romearthotel.com\\\/wp-content\\\/uploads\\\/2025\\\/10\\\/Triple-quadruple-room-2-605x605.webp\",\"contentUrl\":\"https:\\\/\\\/romearthotel.com\\\/wp-content\\\/uploads\\\/2025\\\/10\\\/Triple-quadruple-room-2-605x605.webp\"},{\"@type\":\"BreadcrumbList\",\"@id\":\"https:\\\/\\\/romearthotel.com\\\/fr\\\/hotel\\\/#breadcrumb\",\"itemListElement\":[{\"@type\":\"ListItem\",\"position\":1,\"name\":\"Home\",\"item\":\"https:\\\/\\\/romearthotel.com\\\/fr\\\/home-3\\\/\"},{\"@type\":\"ListItem\",\"position\":2,\"name\":\"H\u00f4tel\"}]},{\"@type\":\"WebSite\",\"@id\":\"https:\\\/\\\/romearthotel.com\\\/fr\\\/#website\",\"url\":\"https:\\\/\\\/romearthotel.com\\\/fr\\\/\",\"name\":\"RomeArt Hotel\",\"description\":\"Nel cuore pulsante di Roma\",\"publisher\":{\"@id\":\"https:\\\/\\\/romearthotel.com\\\/fr\\\/#organization\"},\"potentialAction\":[{\"@type\":\"SearchAction\",\"target\":{\"@type\":\"EntryPoint\",\"urlTemplate\":\"https:\\\/\\\/romearthotel.com\\\/fr\\\/?s={search_term_string}\"},\"query-input\":{\"@type\":\"PropertyValueSpecification\",\"valueRequired\":true,\"valueName\":\"search_term_string\"}}],\"inLanguage\":\"fr-FR\"},{\"@type\":\"Organization\",\"@id\":\"https:\\\/\\\/romearthotel.com\\\/fr\\\/#organization\",\"name\":\"RomeArt Hotel a Roma\",\"url\":\"https:\\\/\\\/romearthotel.com\\\/fr\\\/\",\"logo\":{\"@type\":\"ImageObject\",\"inLanguage\":\"fr-FR\",\"@id\":\"https:\\\/\\\/romearthotel.com\\\/fr\\\/#\\\/schema\\\/logo\\\/image\\\/\",\"url\":\"https:\\\/\\\/romearthotel.com\\\/wp-content\\\/uploads\\\/2025\\\/10\\\/cropped-RomeArtHotel-logo.webp\",\"contentUrl\":\"https:\\\/\\\/romearthotel.com\\\/wp-content\\\/uploads\\\/2025\\\/10\\\/cropped-RomeArtHotel-logo.webp\",\"width\":500,\"height\":60,\"caption\":\"RomeArt Hotel a Roma\"},\"image\":{\"@id\":\"https:\\\/\\\/romearthotel.com\\\/fr\\\/#\\\/schema\\\/logo\\\/image\\\/\"},\"sameAs\":[\"https:\\\/\\\/www.facebook.com\\\/profile.php?id=61582053150194#\",\"https:\\\/\\\/www.instagram.com\\\/romeart_hotel?igsh=MWp6c2I2M3plaHR6aw==&utm_source=qr\"]}]}<\/script>\n<!-- \/ Yoast SEO plugin. -->","yoast_head_json":{"title":"Rome Art Hotel \u2013 Histoire et Design Contemporain","description":"D\u00e9couvrez le Rome Art Hotel, o\u00f9 le charme historique de Rome rencontre l\u2019\u00e9l\u00e9gance contemporaine. Espaces raffin\u00e9s, confort moderne .","robots":{"index":"index","follow":"follow","max-snippet":"max-snippet:-1","max-image-preview":"max-image-preview:large","max-video-preview":"max-video-preview:-1"},"canonical":"https:\/\/romearthotel.com\/fr\/hotel\/","og_locale":"fr_FR","og_type":"article","og_title":"Rome Art Hotel \u2013 Histoire et Design Contemporain","og_description":"D\u00e9couvrez le Rome Art Hotel, o\u00f9 le charme historique de Rome rencontre l\u2019\u00e9l\u00e9gance contemporaine. Espaces raffin\u00e9s, confort moderne .","og_url":"https:\/\/romearthotel.com\/fr\/hotel\/","og_site_name":"Roma Art Hotel","article_publisher":"https:\/\/www.facebook.com\/profile.php?id=61582053150194#","article_modified_time":"2026-01-22T16:45:24+00:00","og_image":[{"width":1020,"height":1020,"url":"https:\/\/romearthotel.com\/wp-content\/uploads\/2025\/10\/Triple-quadruple-room-2.webp","type":"image\/webp"}],"twitter_card":"summary_large_image","twitter_misc":{"Dur\u00e9e de lecture estim\u00e9e":"2 minutes"},"schema":{"@context":"https:\/\/schema.org","@graph":[{"@type":"WebPage","@id":"https:\/\/romearthotel.com\/fr\/hotel\/","url":"https:\/\/romearthotel.com\/fr\/hotel\/","name":"Rome Art Hotel \u2013 Histoire et Design Contemporain","isPartOf":{"@id":"https:\/\/romearthotel.com\/fr\/#website"},"primaryImageOfPage":{"@id":"https:\/\/romearthotel.com\/fr\/hotel\/#primaryimage"},"image":{"@id":"https:\/\/romearthotel.com\/fr\/hotel\/#primaryimage"},"thumbnailUrl":"https:\/\/romearthotel.com\/wp-content\/uploads\/2025\/10\/Triple-quadruple-room-2-605x605.webp","datePublished":"2025-06-19T13:28:11+00:00","dateModified":"2026-01-22T16:45:24+00:00","description":"D\u00e9couvrez le Rome Art Hotel, o\u00f9 le charme historique de Rome rencontre l\u2019\u00e9l\u00e9gance contemporaine. Espaces raffin\u00e9s, confort moderne .","breadcrumb":{"@id":"https:\/\/romearthotel.com\/fr\/hotel\/#breadcrumb"},"inLanguage":"fr-FR","potentialAction":[{"@type":"ReadAction","target":["https:\/\/romearthotel.com\/fr\/hotel\/"]}]},{"@type":"ImageObject","inLanguage":"fr-FR","@id":"https:\/\/romearthotel.com\/fr\/hotel\/#primaryimage","url":"https:\/\/romearthotel.com\/wp-content\/uploads\/2025\/10\/Triple-quadruple-room-2-605x605.webp","contentUrl":"https:\/\/romearthotel.com\/wp-content\/uploads\/2025\/10\/Triple-quadruple-room-2-605x605.webp"},{"@type":"BreadcrumbList","@id":"https:\/\/romearthotel.com\/fr\/hotel\/#breadcrumb","itemListElement":[{"@type":"ListItem","position":1,"name":"Home","item":"https:\/\/romearthotel.com\/fr\/home-3\/"},{"@type":"ListItem","position":2,"name":"H\u00f4tel"}]},{"@type":"WebSite","@id":"https:\/\/romearthotel.com\/fr\/#website","url":"https:\/\/romearthotel.com\/fr\/","name":"RomeArt Hotel","description":"Nel cuore pulsante di Roma","publisher":{"@id":"https:\/\/romearthotel.com\/fr\/#organization"},"potentialAction":[{"@type":"SearchAction","target":{"@type":"EntryPoint","urlTemplate":"https:\/\/romearthotel.com\/fr\/?s={search_term_string}"},"query-input":{"@type":"PropertyValueSpecification","valueRequired":true,"valueName":"search_term_string"}}],"inLanguage":"fr-FR"},{"@type":"Organization","@id":"https:\/\/romearthotel.com\/fr\/#organization","name":"RomeArt Hotel a Roma","url":"https:\/\/romearthotel.com\/fr\/","logo":{"@type":"ImageObject","inLanguage":"fr-FR","@id":"https:\/\/romearthotel.com\/fr\/#\/schema\/logo\/image\/","url":"https:\/\/romearthotel.com\/wp-content\/uploads\/2025\/10\/cropped-RomeArtHotel-logo.webp","contentUrl":"https:\/\/romearthotel.com\/wp-content\/uploads\/2025\/10\/cropped-RomeArtHotel-logo.webp","width":500,"height":60,"caption":"RomeArt Hotel a Roma"},"image":{"@id":"https:\/\/romearthotel.com\/fr\/#\/schema\/logo\/image\/"},"sameAs":["https:\/\/www.facebook.com\/profile.php?id=61582053150194#","https:\/\/www.instagram.com\/romeart_hotel?igsh=MWp6c2I2M3plaHR6aw==&utm_source=qr"]}]}},"jetpack_sharing_enabled":true,"_links":{"self":[{"href":"https:\/\/romearthotel.com\/fr\/wp-json\/wp\/v2\/pages\/2324","targetHints":{"allow":["GET"]}}],"collection":[{"href":"https:\/\/romearthotel.com\/fr\/wp-json\/wp\/v2\/pages"}],"about":[{"href":"https:\/\/romearthotel.com\/fr\/wp-json\/wp\/v2\/types\/page"}],"author":[{"embeddable":true,"href":"https:\/\/romearthotel.com\/fr\/wp-json\/wp\/v2\/users\/1"}],"replies":[{"embeddable":true,"href":"https:\/\/romearthotel.com\/fr\/wp-json\/wp\/v2\/comments?post=2324"}],"version-history":[{"count":11,"href":"https:\/\/romearthotel.com\/fr\/wp-json\/wp\/v2\/pages\/2324\/revisions"}],"predecessor-version":[{"id":4111,"href":"https:\/\/romearthotel.com\/fr\/wp-json\/wp\/v2\/pages\/2324\/revisions\/4111"}],"wp:attachment":[{"href":"https:\/\/romearthotel.com\/fr\/wp-json\/wp\/v2\/media?parent=2324"}],"curies":[{"name":"wp","href":"https:\/\/api.w.org\/{rel}","templated":true}]}}