{"id":3945,"date":"2025-12-23T11:56:35","date_gmt":"2025-12-23T11:56:35","guid":{"rendered":"https:\/\/romearthotel.com\/bar\/"},"modified":"2026-04-07T10:58:30","modified_gmt":"2026-04-07T10:58:30","slug":"bar","status":"publish","type":"page","link":"https:\/\/romearthotel.com\/es\/bar\/","title":{"rendered":"Bar"},"content":{"rendered":"\t\t<div data-elementor-type=\"wp-page\" data-elementor-id=\"3945\" class=\"elementor elementor-3945 elementor-3912\" data-elementor-post-type=\"page\">\n\t\t\t\t\t\t<section class=\"elementor-section elementor-top-section elementor-element elementor-element-80b0a01 elementor-section-height-min-height elementor-section-boxed elementor-section-height-default elementor-section-items-middle\" data-id=\"80b0a01\" data-element_type=\"section\" data-e-type=\"section\" data-settings=\"{&quot;background_background&quot;:&quot;classic&quot;}\">\n\t\t\t\t\t\t\t<div class=\"elementor-background-overlay\"><\/div>\n\t\t\t\t\t\t\t<div class=\"elementor-container elementor-column-gap-default\">\n\t\t\t\t\t<div class=\"elementor-column elementor-col-100 elementor-top-column elementor-element elementor-element-363d686\" data-id=\"363d686\" data-element_type=\"column\" data-e-type=\"column\">\n\t\t\t<div class=\"elementor-widget-wrap elementor-element-populated\">\n\t\t\t\t\t\t<div class=\"elementor-element elementor-element-bfe14ee elementor-widget__width-auto elementor-widget elementor-widget-heading\" data-id=\"bfe14ee\" data-element_type=\"widget\" data-e-type=\"widget\" data-widget_type=\"heading.default\">\n\t\t\t\t<div class=\"elementor-widget-container\">\n\t\t\t\t\t<h1 class=\"elementor-heading-title elementor-size-default\">Next Door: Bar &amp; Restaurant<\/h1>\t\t\t\t<\/div>\n\t\t\t\t<\/div>\n\t\t\t\t\t<\/div>\n\t\t<\/div>\n\t\t\t\t\t<\/div>\n\t\t<\/section>\n\t\t\t\t<section class=\"elementor-section elementor-top-section elementor-element elementor-element-bd4d182 elementor-section-boxed elementor-section-height-default elementor-section-height-default\" data-id=\"bd4d182\" data-element_type=\"section\" data-e-type=\"section\">\n\t\t\t\t\t\t<div class=\"elementor-container elementor-column-gap-default\">\n\t\t\t\t\t<div class=\"elementor-column elementor-col-100 elementor-top-column elementor-element elementor-element-788637c\" data-id=\"788637c\" data-element_type=\"column\" data-e-type=\"column\">\n\t\t\t<div class=\"elementor-widget-wrap elementor-element-populated\">\n\t\t\t\t\t\t<div class=\"elementor-element elementor-element-d638214 elementor-widget elementor-widget-spacer\" data-id=\"d638214\" data-element_type=\"widget\" data-e-type=\"widget\" data-widget_type=\"spacer.default\">\n\t\t\t\t<div class=\"elementor-widget-container\">\n\t\t\t\t\t\t\t<div class=\"elementor-spacer\">\n\t\t\t<div class=\"elementor-spacer-inner\"><\/div>\n\t\t<\/div>\n\t\t\t\t\t\t<\/div>\n\t\t\t\t<\/div>\n\t\t\t\t\t<\/div>\n\t\t<\/div>\n\t\t\t\t\t<\/div>\n\t\t<\/section>\n\t\t\t\t<section class=\"elementor-section elementor-top-section elementor-element elementor-element-d2c626d elementor-section-content-middle elementor-reverse-tablet elementor-reverse-mobile elementor-section-boxed elementor-section-height-default elementor-section-height-default\" data-id=\"d2c626d\" data-element_type=\"section\" data-e-type=\"section\" data-settings=\"{&quot;background_background&quot;:&quot;classic&quot;}\">\n\t\t\t\t\t\t<div class=\"elementor-container elementor-column-gap-no\">\n\t\t\t\t\t<div class=\"elementor-column elementor-col-50 elementor-top-column elementor-element elementor-element-df5f973\" data-id=\"df5f973\" data-element_type=\"column\" data-e-type=\"column\">\n\t\t\t<div class=\"elementor-widget-wrap elementor-element-populated\">\n\t\t\t\t\t\t<div class=\"elementor-element elementor-element-a918bff elementor-widget elementor-widget-text-editor\" data-id=\"a918bff\" data-element_type=\"widget\" data-e-type=\"widget\" data-widget_type=\"text-editor.default\">\n\t\t\t\t<div class=\"elementor-widget-container\">\n\t\t\t\t\t\t\t\t\t<p>El Hotel Trevi Collection da la bienvenida a <strong>Next Door \u2013 Bar &amp; Ristorante<\/strong>, un espacio elegante y acogedor en el coraz\u00f3n de Roma, abierto tanto a los hu\u00e9spedes del hotel como al p\u00fablico en general.<\/p><p>El <strong>bar<\/strong>, abierto de<strong> 7:00 a 00:00<\/strong>, ofrece desayunos reci\u00e9n hechos, caf\u00e9 de calidad y almuerzos r\u00e1pidos preparados con ingredientes de temporada, ideales para cualquier momento del d\u00eda.<\/p><p>El <strong>restaurante<\/strong> est\u00e1 abierto de lunes a s\u00e1bado para el almuerzo de <strong>12:00 a 15:00<\/strong> y para la cena de <strong>15:00 a 22:00<\/strong>., ofrece aut\u00e9ntica cocina italiana con un toque contempor\u00e1neo, con ingredientes selectos, pasta casera y platos que fusionan tradici\u00f3n y creatividad.<\/p>\t\t\t\t\t\t\t\t<\/div>\n\t\t\t\t<\/div>\n\t\t\t\t<div class=\"elementor-element elementor-element-61af639 elementor-icon-list--layout-traditional elementor-list-item-link-full_width elementor-widget elementor-widget-icon-list\" data-id=\"61af639\" data-element_type=\"widget\" data-e-type=\"widget\" data-widget_type=\"icon-list.default\">\n\t\t\t\t<div class=\"elementor-widget-container\">\n\t\t\t\t\t\t\t<ul class=\"elementor-icon-list-items\">\n\t\t\t\t\t\t\t<li class=\"elementor-icon-list-item\">\n\t\t\t\t\t\t\t\t\t\t\t<a href=\"https:\/\/wa.me\/+393420148517\" target=\"_blank\">\n\n\t\t\t\t\t\t\t\t\t\t\t\t<span class=\"elementor-icon-list-icon\">\n\t\t\t\t\t\t\t<i aria-hidden=\"true\" class=\"fab fa-whatsapp\"><\/i>\t\t\t\t\t\t<\/span>\n\t\t\t\t\t\t\t\t\t\t<span class=\"elementor-icon-list-text\">Cont\u00e1ctanos<\/span>\n\t\t\t\t\t\t\t\t\t\t\t<\/a>\n\t\t\t\t\t\t\t\t\t<\/li>\n\t\t\t\t\t\t\t\t<li class=\"elementor-icon-list-item\">\n\t\t\t\t\t\t\t\t\t\t\t<a href=\"https:\/\/www.instagram.com\/nextdoor.collection?igsh=MTh1eDVzcnNtaDd3MA%3D%3D&#038;utm_source=qr\" target=\"_blank\">\n\n\t\t\t\t\t\t\t\t\t\t\t\t<span class=\"elementor-icon-list-icon\">\n\t\t\t\t\t\t\t<i aria-hidden=\"true\" class=\"fab fa-instagram\"><\/i>\t\t\t\t\t\t<\/span>\n\t\t\t\t\t\t\t\t\t\t<span class=\"elementor-icon-list-text\">S\u00edguenos en Instagram<\/span>\n\t\t\t\t\t\t\t\t\t\t\t<\/a>\n\t\t\t\t\t\t\t\t\t<\/li>\n\t\t\t\t\t\t<\/ul>\n\t\t\t\t\t\t<\/div>\n\t\t\t\t<\/div>\n\t\t\t\t<div class=\"elementor-element elementor-element-b71da8c elementor-align-left elementor-widget__width-inherit elementor-mobile-align-justify elementor-widget-mobile__width-inherit elementor-widget elementor-widget-button\" data-id=\"b71da8c\" data-element_type=\"widget\" data-e-type=\"widget\" data-widget_type=\"button.default\">\n\t\t\t\t<div class=\"elementor-widget-container\">\n\t\t\t\t\t\t\t\t\t<div class=\"elementor-button-wrapper\">\n\t\t\t\t\t<a class=\"elementor-button elementor-button-link elementor-size-sm\" href=\"https:\/\/trevicollectionhotel.com\/wp-content\/uploads\/2026\/02\/Menu-bar-burger.pdf\">\n\t\t\t\t\t\t<span class=\"elementor-button-content-wrapper\">\n\t\t\t\t\t\t\t\t\t<span class=\"elementor-button-text\">Men\u00fa del bar<\/span>\n\t\t\t\t\t<\/span>\n\t\t\t\t\t<\/a>\n\t\t\t\t<\/div>\n\t\t\t\t\t\t\t\t<\/div>\n\t\t\t\t<\/div>\n\t\t\t\t<div class=\"elementor-element elementor-element-1ba25b4 elementor-align-left elementor-widget__width-auto elementor-mobile-align-justify elementor-widget-mobile__width-inherit elementor-widget elementor-widget-button\" data-id=\"1ba25b4\" data-element_type=\"widget\" data-e-type=\"widget\" data-widget_type=\"button.default\">\n\t\t\t\t<div class=\"elementor-widget-container\">\n\t\t\t\t\t\t\t\t\t<div class=\"elementor-button-wrapper\">\n\t\t\t\t\t<a class=\"elementor-button elementor-button-link elementor-size-sm\" href=\"https:\/\/trevicollectionhotel.com\/wp-content\/uploads\/2026\/02\/MENU-RISTORANTE-PRANZO.pdf\">\n\t\t\t\t\t\t<span class=\"elementor-button-content-wrapper\">\n\t\t\t\t\t\t\t\t\t<span class=\"elementor-button-text\">Men\u00fa del almuerzo del restaurante<\/span>\n\t\t\t\t\t<\/span>\n\t\t\t\t\t<\/a>\n\t\t\t\t<\/div>\n\t\t\t\t\t\t\t\t<\/div>\n\t\t\t\t<\/div>\n\t\t\t\t<div class=\"elementor-element elementor-element-c819e53 elementor-align-left elementor-widget__width-auto elementor-mobile-align-justify elementor-widget-mobile__width-inherit elementor-widget elementor-widget-button\" data-id=\"c819e53\" data-element_type=\"widget\" data-e-type=\"widget\" data-widget_type=\"button.default\">\n\t\t\t\t<div class=\"elementor-widget-container\">\n\t\t\t\t\t\t\t\t\t<div class=\"elementor-button-wrapper\">\n\t\t\t\t\t<a class=\"elementor-button elementor-button-link elementor-size-sm\" href=\"https:\/\/trevicollectionhotel.com\/wp-content\/uploads\/2026\/02\/MENU-RISTORANTE-CENA.pdf\">\n\t\t\t\t\t\t<span class=\"elementor-button-content-wrapper\">\n\t\t\t\t\t\t\t\t\t<span class=\"elementor-button-text\">Men\u00fa de cena del restaurante<\/span>\n\t\t\t\t\t<\/span>\n\t\t\t\t\t<\/a>\n\t\t\t\t<\/div>\n\t\t\t\t\t\t\t\t<\/div>\n\t\t\t\t<\/div>\n\t\t\t\t<div class=\"elementor-element elementor-element-4d38364 elementor-align-justify elementor-widget elementor-widget-button\" data-id=\"4d38364\" data-element_type=\"widget\" data-e-type=\"widget\" data-widget_type=\"button.default\">\n\t\t\t\t<div class=\"elementor-widget-container\">\n\t\t\t\t\t\t\t\t\t<div class=\"elementor-button-wrapper\">\n\t\t\t\t\t<a class=\"elementor-button elementor-button-link elementor-size-sm\" href=\"https:\/\/widget.thefork.com\/it\/080fc421-0b7d-45e0-b04a-ffb26d380b61\/homepage\/2ea69474-fb5e-4611-8623-2fe6e6856bbc\" target=\"_blank\">\n\t\t\t\t\t\t<span class=\"elementor-button-content-wrapper\">\n\t\t\t\t\t\t\t\t\t<span class=\"elementor-button-text\">Reservar una mesa<\/span>\n\t\t\t\t\t<\/span>\n\t\t\t\t\t<\/a>\n\t\t\t\t<\/div>\n\t\t\t\t\t\t\t\t<\/div>\n\t\t\t\t<\/div>\n\t\t\t\t\t<\/div>\n\t\t<\/div>\n\t\t\t\t<div class=\"elementor-column elementor-col-50 elementor-top-column elementor-element elementor-element-612cacd\" data-id=\"612cacd\" data-element_type=\"column\" data-e-type=\"column\">\n\t\t\t<div class=\"elementor-widget-wrap elementor-element-populated\">\n\t\t\t\t\t\t<div class=\"elementor-element elementor-element-2e9bad6 elementor-widget elementor-widget-google_maps\" data-id=\"2e9bad6\" data-element_type=\"widget\" data-e-type=\"widget\" data-widget_type=\"google_maps.default\">\n\t\t\t\t<div class=\"elementor-widget-container\">\n\t\t\t\t\t\t\t<div class=\"elementor-custom-embed\">\n\t\t\t<iframe loading=\"lazy\"\n\t\t\t\t\tsrc=\"https:\/\/maps.google.com\/maps?q=%20Via%20di%20Capo%20le%20Case%2060%20Roma&#038;t=m&#038;z=15&#038;output=embed&#038;iwloc=near\"\n\t\t\t\t\ttitle=\" Via di Capo le Case 60 Roma\"\n\t\t\t\t\taria-label=\" Via di Capo le Case 60 Roma\"\n\t\t\t><\/iframe>\n\t\t<\/div>\n\t\t\t\t\t\t<\/div>\n\t\t\t\t<\/div>\n\t\t\t\t\t<\/div>\n\t\t<\/div>\n\t\t\t\t\t<\/div>\n\t\t<\/section>\n\t\t\t\t<section class=\"elementor-section elementor-top-section elementor-element elementor-element-d1eae29 elementor-section-boxed elementor-section-height-default elementor-section-height-default\" data-id=\"d1eae29\" data-element_type=\"section\" data-e-type=\"section\">\n\t\t\t\t\t\t<div class=\"elementor-container elementor-column-gap-default\">\n\t\t\t\t\t<div class=\"elementor-column elementor-col-100 elementor-top-column elementor-element elementor-element-fd293ee\" data-id=\"fd293ee\" data-element_type=\"column\" data-e-type=\"column\">\n\t\t\t<div class=\"elementor-widget-wrap elementor-element-populated\">\n\t\t\t\t\t\t<div class=\"elementor-element elementor-element-e247d3c elementor-arrows-position-inside elementor-pagination-position-outside elementor-widget elementor-widget-image-carousel\" data-id=\"e247d3c\" data-element_type=\"widget\" data-e-type=\"widget\" data-settings=\"{&quot;slides_to_show&quot;:&quot;4&quot;,&quot;slides_to_scroll&quot;:&quot;1&quot;,&quot;image_spacing_custom&quot;:{&quot;unit&quot;:&quot;px&quot;,&quot;size&quot;:10,&quot;sizes&quot;:[]},&quot;navigation&quot;:&quot;both&quot;,&quot;autoplay&quot;:&quot;yes&quot;,&quot;pause_on_hover&quot;:&quot;yes&quot;,&quot;pause_on_interaction&quot;:&quot;yes&quot;,&quot;autoplay_speed&quot;:5000,&quot;infinite&quot;:&quot;yes&quot;,&quot;speed&quot;:500,&quot;image_spacing_custom_tablet&quot;:{&quot;unit&quot;:&quot;px&quot;,&quot;size&quot;:&quot;&quot;,&quot;sizes&quot;:[]},&quot;image_spacing_custom_mobile&quot;:{&quot;unit&quot;:&quot;px&quot;,&quot;size&quot;:&quot;&quot;,&quot;sizes&quot;:[]}}\" data-widget_type=\"image-carousel.default\">\n\t\t\t\t<div class=\"elementor-widget-container\">\n\t\t\t\t\t\t\t<div class=\"elementor-image-carousel-wrapper swiper\" role=\"region\" aria-roledescription=\"carousel\" aria-label=\"Carosello d&#039;immagini\" dir=\"ltr\">\n\t\t\t<div class=\"elementor-image-carousel swiper-wrapper\" aria-live=\"off\">\n\t\t\t\t\t\t\t\t<div class=\"swiper-slide\" role=\"group\" aria-roledescription=\"slide\" aria-label=\"1 de 7\"><figure class=\"swiper-slide-inner\"><img decoding=\"async\" class=\"swiper-slide-image\" src=\"https:\/\/romearthotel.com\/wp-content\/uploads\/2025\/12\/08A3109-Migliorato-NR.webp\" alt=\"08A3109-Migliorato-NR.webp\" \/><\/figure><\/div><div class=\"swiper-slide\" role=\"group\" aria-roledescription=\"slide\" aria-label=\"2 de 7\"><figure class=\"swiper-slide-inner\"><img decoding=\"async\" class=\"swiper-slide-image\" src=\"https:\/\/romearthotel.com\/wp-content\/uploads\/2025\/12\/08A3048.webp\" alt=\"08A3048.webp\" \/><\/figure><\/div><div class=\"swiper-slide\" role=\"group\" aria-roledescription=\"slide\" aria-label=\"3 de 7\"><figure class=\"swiper-slide-inner\"><img decoding=\"async\" class=\"swiper-slide-image\" src=\"https:\/\/romearthotel.com\/wp-content\/uploads\/2025\/12\/08A3110-Migliorato-NR.webp\" alt=\"08A3110-Migliorato-NR.webp\" \/><\/figure><\/div><div class=\"swiper-slide\" role=\"group\" aria-roledescription=\"slide\" aria-label=\"4 de 7\"><figure class=\"swiper-slide-inner\"><img decoding=\"async\" class=\"swiper-slide-image\" src=\"https:\/\/romearthotel.com\/wp-content\/uploads\/2026\/01\/08A3263-Migliorato-NR-1.webp\" alt=\"08A3263-Migliorato-NR-1.webp\" \/><\/figure><\/div><div class=\"swiper-slide\" role=\"group\" aria-roledescription=\"slide\" aria-label=\"5 de 7\"><figure class=\"swiper-slide-inner\"><img decoding=\"async\" class=\"swiper-slide-image\" src=\"https:\/\/romearthotel.com\/wp-content\/uploads\/2026\/01\/DSC0243.webp\" alt=\"DSC0243.webp\" \/><\/figure><\/div><div class=\"swiper-slide\" role=\"group\" aria-roledescription=\"slide\" aria-label=\"6 de 7\"><figure class=\"swiper-slide-inner\"><img decoding=\"async\" class=\"swiper-slide-image\" src=\"https:\/\/romearthotel.com\/wp-content\/uploads\/2025\/12\/DSC9981.webp\" alt=\"DSC9981.webp\" \/><\/figure><\/div><div class=\"swiper-slide\" role=\"group\" aria-roledescription=\"slide\" aria-label=\"7 de 7\"><figure class=\"swiper-slide-inner\"><img decoding=\"async\" class=\"swiper-slide-image\" src=\"https:\/\/romearthotel.com\/wp-content\/uploads\/2026\/01\/DSC2844.webp\" alt=\"DSC2844.webp\" \/><\/figure><\/div>\t\t\t<\/div>\n\t\t\t\t\t\t\t\t\t\t\t\t<div class=\"elementor-swiper-button elementor-swiper-button-prev\" role=\"button\" tabindex=\"0\">\n\t\t\t\t\t\t<i aria-hidden=\"true\" class=\"eicon-chevron-left\"><\/i>\t\t\t\t\t<\/div>\n\t\t\t\t\t<div class=\"elementor-swiper-button elementor-swiper-button-next\" role=\"button\" tabindex=\"0\">\n\t\t\t\t\t\t<i aria-hidden=\"true\" class=\"eicon-chevron-right\"><\/i>\t\t\t\t\t<\/div>\n\t\t\t\t\n\t\t\t\t\t\t\t\t\t<div class=\"swiper-pagination\"><\/div>\n\t\t\t\t\t\t\t\t\t<\/div>\n\t\t\t\t\t\t<\/div>\n\t\t\t\t<\/div>\n\t\t\t\t\t<\/div>\n\t\t<\/div>\n\t\t\t\t\t<\/div>\n\t\t<\/section>\n\t\t\t\t<\/div>\n\t\t","protected":false},"excerpt":{"rendered":"<p>Next Door: Bar &amp; Restaurant El Hotel Trevi Collection da la bienvenida a Next Door \u2013 Bar &amp; Ristorante, un espacio elegante y acogedor en el coraz\u00f3n de Roma, abierto tanto a los hu\u00e9spedes del hotel como al p\u00fablico en &hellip; <a href=\"https:\/\/romearthotel.com\/es\/bar\/\">Read More<\/a><\/p>\n","protected":false},"author":1,"featured_media":0,"parent":0,"menu_order":0,"comment_status":"closed","ping_status":"closed","template":"","meta":{"footnotes":""},"class_list":["post-3945","page","type-page","status-publish","hentry"],"yoast_head":"<!-- This site is optimized with the Yoast SEO plugin v27.3 - https:\/\/yoast.com\/product\/yoast-seo-wordpress\/ -->\n<title>Bar - Roma Art Hotel<\/title>\n<meta name=\"robots\" content=\"index, follow, max-snippet:-1, max-image-preview:large, max-video-preview:-1\" \/>\n<link rel=\"canonical\" href=\"https:\/\/romearthotel.com\/es\/bar\/\" \/>\n<meta property=\"og:locale\" content=\"es_ES\" \/>\n<meta property=\"og:type\" content=\"article\" \/>\n<meta property=\"og:title\" content=\"Bar - Roma Art Hotel\" \/>\n<meta property=\"og:description\" content=\"Next Door: Bar &amp; Restaurant El Hotel Trevi Collection da la bienvenida a Next Door \u2013 Bar &amp; Ristorante, un espacio elegante y acogedor en el coraz\u00f3n de Roma, abierto tanto a los hu\u00e9spedes del hotel como al p\u00fablico en &hellip; Read More\" \/>\n<meta property=\"og:url\" content=\"https:\/\/romearthotel.com\/es\/bar\/\" \/>\n<meta property=\"og:site_name\" content=\"Roma Art Hotel\" \/>\n<meta property=\"article:publisher\" content=\"https:\/\/www.facebook.com\/profile.php?id=61582053150194#\" \/>\n<meta property=\"article:modified_time\" content=\"2026-04-07T10:58:30+00:00\" \/>\n<meta property=\"og:image\" content=\"https:\/\/romearthotel.com\/wp-content\/uploads\/2025\/12\/08A3109-Migliorato-NR.webp\" \/>\n<meta name=\"twitter:card\" content=\"summary_large_image\" \/>\n<meta name=\"twitter:label1\" content=\"Tiempo de lectura\" \/>\n\t<meta name=\"twitter:data1\" content=\"4 minutos\" \/>\n<script type=\"application\/ld+json\" class=\"yoast-schema-graph\">{\"@context\":\"https:\\\/\\\/schema.org\",\"@graph\":[{\"@type\":\"WebPage\",\"@id\":\"https:\\\/\\\/romearthotel.com\\\/es\\\/bar\\\/\",\"url\":\"https:\\\/\\\/romearthotel.com\\\/es\\\/bar\\\/\",\"name\":\"Bar - Roma Art Hotel\",\"isPartOf\":{\"@id\":\"https:\\\/\\\/romearthotel.com\\\/es\\\/#website\"},\"primaryImageOfPage\":{\"@id\":\"https:\\\/\\\/romearthotel.com\\\/es\\\/bar\\\/#primaryimage\"},\"image\":{\"@id\":\"https:\\\/\\\/romearthotel.com\\\/es\\\/bar\\\/#primaryimage\"},\"thumbnailUrl\":\"https:\\\/\\\/romearthotel.com\\\/wp-content\\\/uploads\\\/2025\\\/12\\\/08A3109-Migliorato-NR.webp\",\"datePublished\":\"2025-12-23T11:56:35+00:00\",\"dateModified\":\"2026-04-07T10:58:30+00:00\",\"breadcrumb\":{\"@id\":\"https:\\\/\\\/romearthotel.com\\\/es\\\/bar\\\/#breadcrumb\"},\"inLanguage\":\"es\",\"potentialAction\":[{\"@type\":\"ReadAction\",\"target\":[\"https:\\\/\\\/romearthotel.com\\\/es\\\/bar\\\/\"]}]},{\"@type\":\"ImageObject\",\"inLanguage\":\"es\",\"@id\":\"https:\\\/\\\/romearthotel.com\\\/es\\\/bar\\\/#primaryimage\",\"url\":\"https:\\\/\\\/romearthotel.com\\\/wp-content\\\/uploads\\\/2025\\\/12\\\/08A3109-Migliorato-NR.webp\",\"contentUrl\":\"https:\\\/\\\/romearthotel.com\\\/wp-content\\\/uploads\\\/2025\\\/12\\\/08A3109-Migliorato-NR.webp\"},{\"@type\":\"BreadcrumbList\",\"@id\":\"https:\\\/\\\/romearthotel.com\\\/es\\\/bar\\\/#breadcrumb\",\"itemListElement\":[{\"@type\":\"ListItem\",\"position\":1,\"name\":\"Home\",\"item\":\"https:\\\/\\\/romearthotel.com\\\/es\\\/home\\\/\"},{\"@type\":\"ListItem\",\"position\":2,\"name\":\"Bar\"}]},{\"@type\":\"WebSite\",\"@id\":\"https:\\\/\\\/romearthotel.com\\\/es\\\/#website\",\"url\":\"https:\\\/\\\/romearthotel.com\\\/es\\\/\",\"name\":\"RomeArt Hotel\",\"description\":\"Nel cuore pulsante di Roma\",\"publisher\":{\"@id\":\"https:\\\/\\\/romearthotel.com\\\/es\\\/#organization\"},\"potentialAction\":[{\"@type\":\"SearchAction\",\"target\":{\"@type\":\"EntryPoint\",\"urlTemplate\":\"https:\\\/\\\/romearthotel.com\\\/es\\\/?s={search_term_string}\"},\"query-input\":{\"@type\":\"PropertyValueSpecification\",\"valueRequired\":true,\"valueName\":\"search_term_string\"}}],\"inLanguage\":\"es\"},{\"@type\":\"Organization\",\"@id\":\"https:\\\/\\\/romearthotel.com\\\/es\\\/#organization\",\"name\":\"RomeArt Hotel a Roma\",\"url\":\"https:\\\/\\\/romearthotel.com\\\/es\\\/\",\"logo\":{\"@type\":\"ImageObject\",\"inLanguage\":\"es\",\"@id\":\"https:\\\/\\\/romearthotel.com\\\/es\\\/#\\\/schema\\\/logo\\\/image\\\/\",\"url\":\"https:\\\/\\\/romearthotel.com\\\/wp-content\\\/uploads\\\/2025\\\/10\\\/cropped-RomeArtHotel-logo.webp\",\"contentUrl\":\"https:\\\/\\\/romearthotel.com\\\/wp-content\\\/uploads\\\/2025\\\/10\\\/cropped-RomeArtHotel-logo.webp\",\"width\":500,\"height\":60,\"caption\":\"RomeArt Hotel a Roma\"},\"image\":{\"@id\":\"https:\\\/\\\/romearthotel.com\\\/es\\\/#\\\/schema\\\/logo\\\/image\\\/\"},\"sameAs\":[\"https:\\\/\\\/www.facebook.com\\\/profile.php?id=61582053150194#\",\"https:\\\/\\\/www.instagram.com\\\/romeart_hotel?igsh=MWp6c2I2M3plaHR6aw==&utm_source=qr\"]}]}<\/script>\n<!-- \/ Yoast SEO plugin. -->","yoast_head_json":{"title":"Bar - Roma Art Hotel","robots":{"index":"index","follow":"follow","max-snippet":"max-snippet:-1","max-image-preview":"max-image-preview:large","max-video-preview":"max-video-preview:-1"},"canonical":"https:\/\/romearthotel.com\/es\/bar\/","og_locale":"es_ES","og_type":"article","og_title":"Bar - Roma Art Hotel","og_description":"Next Door: Bar &amp; Restaurant El Hotel Trevi Collection da la bienvenida a Next Door \u2013 Bar &amp; Ristorante, un espacio elegante y acogedor en el coraz\u00f3n de Roma, abierto tanto a los hu\u00e9spedes del hotel como al p\u00fablico en &hellip; Read More","og_url":"https:\/\/romearthotel.com\/es\/bar\/","og_site_name":"Roma Art Hotel","article_publisher":"https:\/\/www.facebook.com\/profile.php?id=61582053150194#","article_modified_time":"2026-04-07T10:58:30+00:00","og_image":[{"url":"https:\/\/romearthotel.com\/wp-content\/uploads\/2025\/12\/08A3109-Migliorato-NR.webp","type":"","width":"","height":""}],"twitter_card":"summary_large_image","twitter_misc":{"Tiempo de lectura":"4 minutos"},"schema":{"@context":"https:\/\/schema.org","@graph":[{"@type":"WebPage","@id":"https:\/\/romearthotel.com\/es\/bar\/","url":"https:\/\/romearthotel.com\/es\/bar\/","name":"Bar - Roma Art Hotel","isPartOf":{"@id":"https:\/\/romearthotel.com\/es\/#website"},"primaryImageOfPage":{"@id":"https:\/\/romearthotel.com\/es\/bar\/#primaryimage"},"image":{"@id":"https:\/\/romearthotel.com\/es\/bar\/#primaryimage"},"thumbnailUrl":"https:\/\/romearthotel.com\/wp-content\/uploads\/2025\/12\/08A3109-Migliorato-NR.webp","datePublished":"2025-12-23T11:56:35+00:00","dateModified":"2026-04-07T10:58:30+00:00","breadcrumb":{"@id":"https:\/\/romearthotel.com\/es\/bar\/#breadcrumb"},"inLanguage":"es","potentialAction":[{"@type":"ReadAction","target":["https:\/\/romearthotel.com\/es\/bar\/"]}]},{"@type":"ImageObject","inLanguage":"es","@id":"https:\/\/romearthotel.com\/es\/bar\/#primaryimage","url":"https:\/\/romearthotel.com\/wp-content\/uploads\/2025\/12\/08A3109-Migliorato-NR.webp","contentUrl":"https:\/\/romearthotel.com\/wp-content\/uploads\/2025\/12\/08A3109-Migliorato-NR.webp"},{"@type":"BreadcrumbList","@id":"https:\/\/romearthotel.com\/es\/bar\/#breadcrumb","itemListElement":[{"@type":"ListItem","position":1,"name":"Home","item":"https:\/\/romearthotel.com\/es\/home\/"},{"@type":"ListItem","position":2,"name":"Bar"}]},{"@type":"WebSite","@id":"https:\/\/romearthotel.com\/es\/#website","url":"https:\/\/romearthotel.com\/es\/","name":"RomeArt Hotel","description":"Nel cuore pulsante di Roma","publisher":{"@id":"https:\/\/romearthotel.com\/es\/#organization"},"potentialAction":[{"@type":"SearchAction","target":{"@type":"EntryPoint","urlTemplate":"https:\/\/romearthotel.com\/es\/?s={search_term_string}"},"query-input":{"@type":"PropertyValueSpecification","valueRequired":true,"valueName":"search_term_string"}}],"inLanguage":"es"},{"@type":"Organization","@id":"https:\/\/romearthotel.com\/es\/#organization","name":"RomeArt Hotel a Roma","url":"https:\/\/romearthotel.com\/es\/","logo":{"@type":"ImageObject","inLanguage":"es","@id":"https:\/\/romearthotel.com\/es\/#\/schema\/logo\/image\/","url":"https:\/\/romearthotel.com\/wp-content\/uploads\/2025\/10\/cropped-RomeArtHotel-logo.webp","contentUrl":"https:\/\/romearthotel.com\/wp-content\/uploads\/2025\/10\/cropped-RomeArtHotel-logo.webp","width":500,"height":60,"caption":"RomeArt Hotel a Roma"},"image":{"@id":"https:\/\/romearthotel.com\/es\/#\/schema\/logo\/image\/"},"sameAs":["https:\/\/www.facebook.com\/profile.php?id=61582053150194#","https:\/\/www.instagram.com\/romeart_hotel?igsh=MWp6c2I2M3plaHR6aw==&utm_source=qr"]}]}},"jetpack_sharing_enabled":true,"_links":{"self":[{"href":"https:\/\/romearthotel.com\/es\/wp-json\/wp\/v2\/pages\/3945","targetHints":{"allow":["GET"]}}],"collection":[{"href":"https:\/\/romearthotel.com\/es\/wp-json\/wp\/v2\/pages"}],"about":[{"href":"https:\/\/romearthotel.com\/es\/wp-json\/wp\/v2\/types\/page"}],"author":[{"embeddable":true,"href":"https:\/\/romearthotel.com\/es\/wp-json\/wp\/v2\/users\/1"}],"replies":[{"embeddable":true,"href":"https:\/\/romearthotel.com\/es\/wp-json\/wp\/v2\/comments?post=3945"}],"version-history":[{"count":42,"href":"https:\/\/romearthotel.com\/es\/wp-json\/wp\/v2\/pages\/3945\/revisions"}],"predecessor-version":[{"id":4284,"href":"https:\/\/romearthotel.com\/es\/wp-json\/wp\/v2\/pages\/3945\/revisions\/4284"}],"wp:attachment":[{"href":"https:\/\/romearthotel.com\/es\/wp-json\/wp\/v2\/media?parent=3945"}],"curies":[{"name":"wp","href":"https:\/\/api.w.org\/{rel}","templated":true}]}}