{"id":2328,"date":"2025-06-19T13:28:11","date_gmt":"2025-06-19T13:28:11","guid":{"rendered":"https:\/\/romearthotel.com\/hoteles\/"},"modified":"2026-01-22T16:46:32","modified_gmt":"2026-01-22T16:46:32","slug":"hotel","status":"publish","type":"page","link":"https:\/\/romearthotel.com\/es\/hotel\/","title":{"rendered":"Hotel"},"content":{"rendered":"\t\t<div data-elementor-type=\"wp-page\" data-elementor-id=\"2328\" class=\"elementor elementor-2328 elementor-1096\" data-elementor-post-type=\"page\">\n\t\t\t\t\t\t<section class=\"elementor-section elementor-top-section elementor-element elementor-element-6f224e2 elementor-section-height-min-height elementor-section-boxed elementor-section-height-default elementor-section-items-middle\" data-id=\"6f224e2\" data-element_type=\"section\" data-e-type=\"section\" data-settings=\"{&quot;background_background&quot;:&quot;classic&quot;}\">\n\t\t\t\t\t\t<div class=\"elementor-container elementor-column-gap-default\">\n\t\t\t\t\t<div class=\"elementor-column elementor-col-100 elementor-top-column elementor-element elementor-element-c2b85b0\" data-id=\"c2b85b0\" data-element_type=\"column\" data-e-type=\"column\">\n\t\t\t<div class=\"elementor-widget-wrap\">\n\t\t\t\t\t\t\t<\/div>\n\t\t<\/div>\n\t\t\t\t\t<\/div>\n\t\t<\/section>\n\t\t\t\t<section class=\"elementor-section elementor-top-section elementor-element elementor-element-aa089c9 elementor-section-boxed elementor-section-height-default elementor-section-height-default\" data-id=\"aa089c9\" data-element_type=\"section\" data-e-type=\"section\" data-settings=\"{&quot;background_background&quot;:&quot;classic&quot;}\">\n\t\t\t\t\t\t<div class=\"elementor-container elementor-column-gap-default\">\n\t\t\t\t\t<div class=\"elementor-column elementor-col-100 elementor-top-column elementor-element elementor-element-29152d3\" data-id=\"29152d3\" data-element_type=\"column\" data-e-type=\"column\">\n\t\t\t<div class=\"elementor-widget-wrap elementor-element-populated\">\n\t\t\t\t\t\t<div class=\"elementor-element elementor-element-956e924 elementor-widget__width-auto elementor-hidden-tablet elementor-hidden-mobile elementor-widget-divider--view-line elementor-widget elementor-widget-divider\" data-id=\"956e924\" data-element_type=\"widget\" data-e-type=\"widget\" data-widget_type=\"divider.default\">\n\t\t\t\t<div class=\"elementor-widget-container\">\n\t\t\t\t\t\t\t<div class=\"elementor-divider\">\n\t\t\t<span class=\"elementor-divider-separator\">\n\t\t\t\t\t\t<\/span>\n\t\t<\/div>\n\t\t\t\t\t\t<\/div>\n\t\t\t\t<\/div>\n\t\t\t\t<div class=\"elementor-element elementor-element-0ad63e2 elementor-widget__width-auto elementor-widget elementor-widget-heading\" data-id=\"0ad63e2\" data-element_type=\"widget\" data-e-type=\"widget\" data-widget_type=\"heading.default\">\n\t\t\t\t<div class=\"elementor-widget-container\">\n\t\t\t\t\t<h1 class=\"elementor-heading-title elementor-size-default\">Rome Art Hotel<\/h1>\t\t\t\t<\/div>\n\t\t\t\t<\/div>\n\t\t\t\t\t<\/div>\n\t\t<\/div>\n\t\t\t\t\t<\/div>\n\t\t<\/section>\n\t\t\t\t<section class=\"elementor-section elementor-top-section elementor-element elementor-element-20ccd7b elementor-section-content-middle elementor-section-boxed elementor-section-height-default elementor-section-height-default\" data-id=\"20ccd7b\" data-element_type=\"section\" data-e-type=\"section\" data-settings=\"{&quot;background_background&quot;:&quot;classic&quot;}\">\n\t\t\t\t\t\t<div class=\"elementor-container elementor-column-gap-no\">\n\t\t\t\t\t<div class=\"elementor-column elementor-col-50 elementor-top-column elementor-element elementor-element-ccc226d\" data-id=\"ccc226d\" data-element_type=\"column\" data-e-type=\"column\">\n\t\t\t<div class=\"elementor-widget-wrap elementor-element-populated\">\n\t\t\t\t\t\t<div class=\"elementor-element elementor-element-d184c51 elementor-widget elementor-widget-heading\" data-id=\"d184c51\" data-element_type=\"widget\" data-e-type=\"widget\" data-widget_type=\"heading.default\">\n\t\t\t\t<div class=\"elementor-widget-container\">\n\t\t\t\t\t<h4 class=\"elementor-heading-title elementor-size-default\">En un edificio de \u00e9poca, entre la Plaza de Espa\u00f1a y la Fontana di Trevi.<\/h4>\t\t\t\t<\/div>\n\t\t\t\t<\/div>\n\t\t\t\t<div class=\"elementor-element elementor-element-321079d elementor-widget elementor-widget-text-editor\" data-id=\"321079d\" data-element_type=\"widget\" data-e-type=\"widget\" data-widget_type=\"text-editor.default\">\n\t\t\t\t<div class=\"elementor-widget-container\">\n\t\t\t\t\t\t\t\t\t<p>El hotel goza de una ubicaci\u00f3n estrat\u00e9gica entre el <strong>Pante\u00f3n<\/strong>, la <strong>Plaza de Espa\u00f1a<\/strong> y la <strong>Fontana di Trevi<\/strong>, en pleno centro hist\u00f3rico y muy cerca del centro comercial de lujo m\u00e1s importante de Italia.<\/p><p>Las 36 habitaciones, recientemente renovadas, acogen a los hu\u00e9spedes en espacios luminosos y refinados, decorados con un estilo contempor\u00e1neo para ofrecer el m\u00e1ximo confort y un ambiente relajante.<\/p><p>La propiedad se divide en dos edificios enfrentados: el edificio principal alberga 9 habitaciones y la recepci\u00f3n 24 horas. El anexo, ubicado frente al edificio principal y ubicado en un encantador edificio hist\u00f3rico, alberga las 27 amplias habitaciones restantes, ideales para familias numerosas. Tambi\u00e9n cuenta con una sala de desayunos, un ambiente acogedor para empezar el d\u00eda con tranquilidad y deleite. Se accede al anexo a trav\u00e9s de unas escaleras que preservan el car\u00e1cter aut\u00e9ntico y el encanto arquitect\u00f3nico de la propiedad.<\/p>\t\t\t\t\t\t\t\t<\/div>\n\t\t\t\t<\/div>\n\t\t\t\t\t<\/div>\n\t\t<\/div>\n\t\t\t\t<div class=\"elementor-column elementor-col-50 elementor-top-column elementor-element elementor-element-f1bb709\" data-id=\"f1bb709\" data-element_type=\"column\" data-e-type=\"column\">\n\t\t\t<div class=\"elementor-widget-wrap elementor-element-populated\">\n\t\t\t\t\t\t<section class=\"elementor-section elementor-inner-section elementor-element elementor-element-cfc34fe elementor-section-full_width elementor-section-height-default elementor-section-height-default\" data-id=\"cfc34fe\" data-element_type=\"section\" data-e-type=\"section\">\n\t\t\t\t\t\t<div class=\"elementor-container elementor-column-gap-narrow\">\n\t\t\t\t\t<div class=\"elementor-column elementor-col-50 elementor-inner-column elementor-element elementor-element-13744d9\" data-id=\"13744d9\" data-element_type=\"column\" data-e-type=\"column\">\n\t\t\t<div class=\"elementor-widget-wrap elementor-element-populated\">\n\t\t\t\t\t\t<div class=\"elementor-element elementor-element-6682d4b elementor-widget elementor-widget-image\" data-id=\"6682d4b\" data-element_type=\"widget\" data-e-type=\"widget\" data-widget_type=\"image.default\">\n\t\t\t\t<div class=\"elementor-widget-container\">\n\t\t\t\t\t\t\t\t\t\t\t\t\t\t\t<img loading=\"lazy\" decoding=\"async\" width=\"605\" height=\"605\" src=\"https:\/\/romearthotel.com\/wp-content\/uploads\/2025\/10\/Triple-quadruple-room-2-605x605.webp\" class=\"attachment-th_img_md_square size-th_img_md_square wp-image-2815\" alt=\"\" srcset=\"https:\/\/romearthotel.com\/wp-content\/uploads\/2025\/10\/Triple-quadruple-room-2-605x605.webp 605w, https:\/\/romearthotel.com\/wp-content\/uploads\/2025\/10\/Triple-quadruple-room-2-300x300.webp 300w, https:\/\/romearthotel.com\/wp-content\/uploads\/2025\/10\/Triple-quadruple-room-2-150x150.webp 150w, https:\/\/romearthotel.com\/wp-content\/uploads\/2025\/10\/Triple-quadruple-room-2-768x768.webp 768w, https:\/\/romearthotel.com\/wp-content\/uploads\/2025\/10\/Triple-quadruple-room-2-80x80.webp 80w, https:\/\/romearthotel.com\/wp-content\/uploads\/2025\/10\/Triple-quadruple-room-2-394x394.webp 394w, https:\/\/romearthotel.com\/wp-content\/uploads\/2025\/10\/Triple-quadruple-room-2-303x303.webp 303w, https:\/\/romearthotel.com\/wp-content\/uploads\/2025\/10\/Triple-quadruple-room-2-700x700.webp 700w, https:\/\/romearthotel.com\/wp-content\/uploads\/2025\/10\/Triple-quadruple-room-2-950x950.webp 950w, https:\/\/romearthotel.com\/wp-content\/uploads\/2025\/10\/Triple-quadruple-room-2-100x100.webp 100w, https:\/\/romearthotel.com\/wp-content\/uploads\/2025\/10\/Triple-quadruple-room-2.webp 1020w\" sizes=\"auto, (max-width: 605px) 100vw, 605px\" \/>\t\t\t\t\t\t\t\t\t\t\t\t\t\t\t<\/div>\n\t\t\t\t<\/div>\n\t\t\t\t\t<\/div>\n\t\t<\/div>\n\t\t\t\t<div class=\"elementor-column elementor-col-50 elementor-inner-column elementor-element elementor-element-1df6dee\" data-id=\"1df6dee\" data-element_type=\"column\" data-e-type=\"column\">\n\t\t\t<div class=\"elementor-widget-wrap elementor-element-populated\">\n\t\t\t\t\t\t<div class=\"elementor-element elementor-element-a1a46e9 elementor-widget elementor-widget-image\" data-id=\"a1a46e9\" data-element_type=\"widget\" data-e-type=\"widget\" data-widget_type=\"image.default\">\n\t\t\t\t<div class=\"elementor-widget-container\">\n\t\t\t\t\t\t\t\t\t\t\t\t\t\t\t<img loading=\"lazy\" decoding=\"async\" width=\"605\" height=\"605\" src=\"https:\/\/romearthotel.com\/wp-content\/uploads\/2025\/10\/IMG_20250724_124415-605x605.webp\" class=\"attachment-th_img_md_square size-th_img_md_square wp-image-2810\" alt=\"\" srcset=\"https:\/\/romearthotel.com\/wp-content\/uploads\/2025\/10\/IMG_20250724_124415-605x605.webp 605w, https:\/\/romearthotel.com\/wp-content\/uploads\/2025\/10\/IMG_20250724_124415-300x300.webp 300w, https:\/\/romearthotel.com\/wp-content\/uploads\/2025\/10\/IMG_20250724_124415-150x150.webp 150w, https:\/\/romearthotel.com\/wp-content\/uploads\/2025\/10\/IMG_20250724_124415-768x768.webp 768w, https:\/\/romearthotel.com\/wp-content\/uploads\/2025\/10\/IMG_20250724_124415-80x80.webp 80w, https:\/\/romearthotel.com\/wp-content\/uploads\/2025\/10\/IMG_20250724_124415-394x394.webp 394w, https:\/\/romearthotel.com\/wp-content\/uploads\/2025\/10\/IMG_20250724_124415-303x303.webp 303w, https:\/\/romearthotel.com\/wp-content\/uploads\/2025\/10\/IMG_20250724_124415-700x700.webp 700w, https:\/\/romearthotel.com\/wp-content\/uploads\/2025\/10\/IMG_20250724_124415-950x950.webp 950w, https:\/\/romearthotel.com\/wp-content\/uploads\/2025\/10\/IMG_20250724_124415-100x100.webp 100w, https:\/\/romearthotel.com\/wp-content\/uploads\/2025\/10\/IMG_20250724_124415.webp 1020w\" sizes=\"auto, (max-width: 605px) 100vw, 605px\" \/>\t\t\t\t\t\t\t\t\t\t\t\t\t\t\t<\/div>\n\t\t\t\t<\/div>\n\t\t\t\t\t<\/div>\n\t\t<\/div>\n\t\t\t\t\t<\/div>\n\t\t<\/section>\n\t\t\t\t<section class=\"elementor-section elementor-inner-section elementor-element elementor-element-119c3a0 elementor-section-full_width elementor-section-height-default elementor-section-height-default\" data-id=\"119c3a0\" data-element_type=\"section\" data-e-type=\"section\">\n\t\t\t\t\t\t<div class=\"elementor-container elementor-column-gap-narrow\">\n\t\t\t\t\t<div class=\"elementor-column elementor-col-50 elementor-inner-column elementor-element elementor-element-08017b9\" data-id=\"08017b9\" data-element_type=\"column\" data-e-type=\"column\">\n\t\t\t<div class=\"elementor-widget-wrap elementor-element-populated\">\n\t\t\t\t\t\t<div class=\"elementor-element elementor-element-dcbb115 elementor-widget elementor-widget-image\" data-id=\"dcbb115\" data-element_type=\"widget\" data-e-type=\"widget\" data-widget_type=\"image.default\">\n\t\t\t\t<div class=\"elementor-widget-container\">\n\t\t\t\t\t\t\t\t\t\t\t\t\t\t\t<img loading=\"lazy\" decoding=\"async\" width=\"605\" height=\"605\" src=\"https:\/\/romearthotel.com\/wp-content\/uploads\/2025\/10\/IMG_20250724_123613-605x605.webp\" class=\"attachment-th_img_md_square size-th_img_md_square wp-image-2805\" alt=\"\" srcset=\"https:\/\/romearthotel.com\/wp-content\/uploads\/2025\/10\/IMG_20250724_123613-605x605.webp 605w, https:\/\/romearthotel.com\/wp-content\/uploads\/2025\/10\/IMG_20250724_123613-300x300.webp 300w, https:\/\/romearthotel.com\/wp-content\/uploads\/2025\/10\/IMG_20250724_123613-150x150.webp 150w, https:\/\/romearthotel.com\/wp-content\/uploads\/2025\/10\/IMG_20250724_123613-768x768.webp 768w, https:\/\/romearthotel.com\/wp-content\/uploads\/2025\/10\/IMG_20250724_123613-80x80.webp 80w, https:\/\/romearthotel.com\/wp-content\/uploads\/2025\/10\/IMG_20250724_123613-394x394.webp 394w, https:\/\/romearthotel.com\/wp-content\/uploads\/2025\/10\/IMG_20250724_123613-303x303.webp 303w, https:\/\/romearthotel.com\/wp-content\/uploads\/2025\/10\/IMG_20250724_123613-700x700.webp 700w, https:\/\/romearthotel.com\/wp-content\/uploads\/2025\/10\/IMG_20250724_123613-950x950.webp 950w, https:\/\/romearthotel.com\/wp-content\/uploads\/2025\/10\/IMG_20250724_123613-100x100.webp 100w, https:\/\/romearthotel.com\/wp-content\/uploads\/2025\/10\/IMG_20250724_123613.webp 1020w\" sizes=\"auto, (max-width: 605px) 100vw, 605px\" \/>\t\t\t\t\t\t\t\t\t\t\t\t\t\t\t<\/div>\n\t\t\t\t<\/div>\n\t\t\t\t\t<\/div>\n\t\t<\/div>\n\t\t\t\t<div class=\"elementor-column elementor-col-50 elementor-inner-column elementor-element elementor-element-c6446f5\" data-id=\"c6446f5\" data-element_type=\"column\" data-e-type=\"column\">\n\t\t\t<div class=\"elementor-widget-wrap elementor-element-populated\">\n\t\t\t\t\t\t<div class=\"elementor-element elementor-element-9dbf8f7 elementor-widget elementor-widget-image\" data-id=\"9dbf8f7\" data-element_type=\"widget\" data-e-type=\"widget\" data-widget_type=\"image.default\">\n\t\t\t\t<div class=\"elementor-widget-container\">\n\t\t\t\t\t\t\t\t\t\t\t\t\t\t\t<img loading=\"lazy\" decoding=\"async\" width=\"605\" height=\"605\" src=\"https:\/\/romearthotel.com\/wp-content\/uploads\/2025\/10\/IMG_20250724_122433-605x605.webp\" class=\"attachment-th_img_md_square size-th_img_md_square wp-image-2800\" alt=\"\" srcset=\"https:\/\/romearthotel.com\/wp-content\/uploads\/2025\/10\/IMG_20250724_122433-605x605.webp 605w, https:\/\/romearthotel.com\/wp-content\/uploads\/2025\/10\/IMG_20250724_122433-300x300.webp 300w, https:\/\/romearthotel.com\/wp-content\/uploads\/2025\/10\/IMG_20250724_122433-150x150.webp 150w, https:\/\/romearthotel.com\/wp-content\/uploads\/2025\/10\/IMG_20250724_122433-768x768.webp 768w, https:\/\/romearthotel.com\/wp-content\/uploads\/2025\/10\/IMG_20250724_122433-80x80.webp 80w, https:\/\/romearthotel.com\/wp-content\/uploads\/2025\/10\/IMG_20250724_122433-394x394.webp 394w, https:\/\/romearthotel.com\/wp-content\/uploads\/2025\/10\/IMG_20250724_122433-303x303.webp 303w, https:\/\/romearthotel.com\/wp-content\/uploads\/2025\/10\/IMG_20250724_122433-700x700.webp 700w, https:\/\/romearthotel.com\/wp-content\/uploads\/2025\/10\/IMG_20250724_122433-950x950.webp 950w, https:\/\/romearthotel.com\/wp-content\/uploads\/2025\/10\/IMG_20250724_122433-100x100.webp 100w, https:\/\/romearthotel.com\/wp-content\/uploads\/2025\/10\/IMG_20250724_122433.webp 1020w\" sizes=\"auto, (max-width: 605px) 100vw, 605px\" \/>\t\t\t\t\t\t\t\t\t\t\t\t\t\t\t<\/div>\n\t\t\t\t<\/div>\n\t\t\t\t\t<\/div>\n\t\t<\/div>\n\t\t\t\t\t<\/div>\n\t\t<\/section>\n\t\t\t\t\t<\/div>\n\t\t<\/div>\n\t\t\t\t\t<\/div>\n\t\t<\/section>\n\t\t\t\t<\/div>\n\t\t","protected":false},"excerpt":{"rendered":"<p>Rome Art Hotel En un edificio de \u00e9poca, entre la Plaza de Espa\u00f1a y la Fontana di Trevi. El hotel goza de una ubicaci\u00f3n estrat\u00e9gica entre el Pante\u00f3n, la Plaza de Espa\u00f1a y la Fontana di Trevi, en pleno centro &hellip; <a href=\"https:\/\/romearthotel.com\/es\/hotel\/\">Read More<\/a><\/p>\n","protected":false},"author":1,"featured_media":0,"parent":0,"menu_order":0,"comment_status":"closed","ping_status":"closed","template":"","meta":{"footnotes":""},"class_list":["post-2328","page","type-page","status-publish","hentry"],"yoast_head":"<!-- This site is optimized with the Yoast SEO plugin v27.3 - https:\/\/yoast.com\/product\/yoast-seo-wordpress\/ -->\n<title>Rome Art Hotel \u2013 Historia y Dise\u00f1o Contempor\u00e1neo<\/title>\n<meta name=\"description\" content=\"Descubra Rome Art Hotel, donde el encanto hist\u00f3rico de Roma se combina con la elegancia contempor\u00e1nea. Espacios refinados, comodidades.\" \/>\n<meta name=\"robots\" content=\"index, follow, max-snippet:-1, max-image-preview:large, max-video-preview:-1\" \/>\n<link rel=\"canonical\" href=\"https:\/\/romearthotel.com\/es\/hotel\/\" \/>\n<meta property=\"og:locale\" content=\"es_ES\" \/>\n<meta property=\"og:type\" content=\"article\" \/>\n<meta property=\"og:title\" content=\"Rome Art Hotel \u2013 Historia y Dise\u00f1o Contempor\u00e1neo\" \/>\n<meta property=\"og:description\" content=\"Descubra Rome Art Hotel, donde el encanto hist\u00f3rico de Roma se combina con la elegancia contempor\u00e1nea. Espacios refinados, comodidades.\" \/>\n<meta property=\"og:url\" content=\"https:\/\/romearthotel.com\/es\/hotel\/\" \/>\n<meta property=\"og:site_name\" content=\"Roma Art Hotel\" \/>\n<meta property=\"article:publisher\" content=\"https:\/\/www.facebook.com\/profile.php?id=61582053150194#\" \/>\n<meta property=\"article:modified_time\" content=\"2026-01-22T16:46:32+00:00\" \/>\n<meta property=\"og:image\" content=\"https:\/\/romearthotel.com\/wp-content\/uploads\/2025\/10\/Triple-quadruple-room-2.webp\" \/>\n\t<meta property=\"og:image:width\" content=\"1020\" \/>\n\t<meta property=\"og:image:height\" content=\"1020\" \/>\n\t<meta property=\"og:image:type\" content=\"image\/webp\" \/>\n<meta name=\"twitter:card\" content=\"summary_large_image\" \/>\n<meta name=\"twitter:label1\" content=\"Tiempo de lectura\" \/>\n\t<meta name=\"twitter:data1\" content=\"2 minutos\" \/>\n<script type=\"application\/ld+json\" class=\"yoast-schema-graph\">{\"@context\":\"https:\\\/\\\/schema.org\",\"@graph\":[{\"@type\":\"WebPage\",\"@id\":\"https:\\\/\\\/romearthotel.com\\\/es\\\/hotel\\\/\",\"url\":\"https:\\\/\\\/romearthotel.com\\\/es\\\/hotel\\\/\",\"name\":\"Rome Art Hotel \u2013 Historia y Dise\u00f1o Contempor\u00e1neo\",\"isPartOf\":{\"@id\":\"https:\\\/\\\/romearthotel.com\\\/es\\\/#website\"},\"primaryImageOfPage\":{\"@id\":\"https:\\\/\\\/romearthotel.com\\\/es\\\/hotel\\\/#primaryimage\"},\"image\":{\"@id\":\"https:\\\/\\\/romearthotel.com\\\/es\\\/hotel\\\/#primaryimage\"},\"thumbnailUrl\":\"https:\\\/\\\/romearthotel.com\\\/wp-content\\\/uploads\\\/2025\\\/10\\\/Triple-quadruple-room-2-605x605.webp\",\"datePublished\":\"2025-06-19T13:28:11+00:00\",\"dateModified\":\"2026-01-22T16:46:32+00:00\",\"description\":\"Descubra Rome Art Hotel, donde el encanto hist\u00f3rico de Roma se combina con la elegancia contempor\u00e1nea. Espacios refinados, comodidades.\",\"breadcrumb\":{\"@id\":\"https:\\\/\\\/romearthotel.com\\\/es\\\/hotel\\\/#breadcrumb\"},\"inLanguage\":\"es\",\"potentialAction\":[{\"@type\":\"ReadAction\",\"target\":[\"https:\\\/\\\/romearthotel.com\\\/es\\\/hotel\\\/\"]}]},{\"@type\":\"ImageObject\",\"inLanguage\":\"es\",\"@id\":\"https:\\\/\\\/romearthotel.com\\\/es\\\/hotel\\\/#primaryimage\",\"url\":\"https:\\\/\\\/romearthotel.com\\\/wp-content\\\/uploads\\\/2025\\\/10\\\/Triple-quadruple-room-2-605x605.webp\",\"contentUrl\":\"https:\\\/\\\/romearthotel.com\\\/wp-content\\\/uploads\\\/2025\\\/10\\\/Triple-quadruple-room-2-605x605.webp\"},{\"@type\":\"BreadcrumbList\",\"@id\":\"https:\\\/\\\/romearthotel.com\\\/es\\\/hotel\\\/#breadcrumb\",\"itemListElement\":[{\"@type\":\"ListItem\",\"position\":1,\"name\":\"Home\",\"item\":\"https:\\\/\\\/romearthotel.com\\\/es\\\/home\\\/\"},{\"@type\":\"ListItem\",\"position\":2,\"name\":\"Hotel\"}]},{\"@type\":\"WebSite\",\"@id\":\"https:\\\/\\\/romearthotel.com\\\/es\\\/#website\",\"url\":\"https:\\\/\\\/romearthotel.com\\\/es\\\/\",\"name\":\"RomeArt Hotel\",\"description\":\"Nel cuore pulsante di Roma\",\"publisher\":{\"@id\":\"https:\\\/\\\/romearthotel.com\\\/es\\\/#organization\"},\"potentialAction\":[{\"@type\":\"SearchAction\",\"target\":{\"@type\":\"EntryPoint\",\"urlTemplate\":\"https:\\\/\\\/romearthotel.com\\\/es\\\/?s={search_term_string}\"},\"query-input\":{\"@type\":\"PropertyValueSpecification\",\"valueRequired\":true,\"valueName\":\"search_term_string\"}}],\"inLanguage\":\"es\"},{\"@type\":\"Organization\",\"@id\":\"https:\\\/\\\/romearthotel.com\\\/es\\\/#organization\",\"name\":\"RomeArt Hotel a Roma\",\"url\":\"https:\\\/\\\/romearthotel.com\\\/es\\\/\",\"logo\":{\"@type\":\"ImageObject\",\"inLanguage\":\"es\",\"@id\":\"https:\\\/\\\/romearthotel.com\\\/es\\\/#\\\/schema\\\/logo\\\/image\\\/\",\"url\":\"https:\\\/\\\/romearthotel.com\\\/wp-content\\\/uploads\\\/2025\\\/10\\\/cropped-RomeArtHotel-logo.webp\",\"contentUrl\":\"https:\\\/\\\/romearthotel.com\\\/wp-content\\\/uploads\\\/2025\\\/10\\\/cropped-RomeArtHotel-logo.webp\",\"width\":500,\"height\":60,\"caption\":\"RomeArt Hotel a Roma\"},\"image\":{\"@id\":\"https:\\\/\\\/romearthotel.com\\\/es\\\/#\\\/schema\\\/logo\\\/image\\\/\"},\"sameAs\":[\"https:\\\/\\\/www.facebook.com\\\/profile.php?id=61582053150194#\",\"https:\\\/\\\/www.instagram.com\\\/romeart_hotel?igsh=MWp6c2I2M3plaHR6aw==&utm_source=qr\"]}]}<\/script>\n<!-- \/ Yoast SEO plugin. -->","yoast_head_json":{"title":"Rome Art Hotel \u2013 Historia y Dise\u00f1o Contempor\u00e1neo","description":"Descubra Rome Art Hotel, donde el encanto hist\u00f3rico de Roma se combina con la elegancia contempor\u00e1nea. Espacios refinados, comodidades.","robots":{"index":"index","follow":"follow","max-snippet":"max-snippet:-1","max-image-preview":"max-image-preview:large","max-video-preview":"max-video-preview:-1"},"canonical":"https:\/\/romearthotel.com\/es\/hotel\/","og_locale":"es_ES","og_type":"article","og_title":"Rome Art Hotel \u2013 Historia y Dise\u00f1o Contempor\u00e1neo","og_description":"Descubra Rome Art Hotel, donde el encanto hist\u00f3rico de Roma se combina con la elegancia contempor\u00e1nea. Espacios refinados, comodidades.","og_url":"https:\/\/romearthotel.com\/es\/hotel\/","og_site_name":"Roma Art Hotel","article_publisher":"https:\/\/www.facebook.com\/profile.php?id=61582053150194#","article_modified_time":"2026-01-22T16:46:32+00:00","og_image":[{"width":1020,"height":1020,"url":"https:\/\/romearthotel.com\/wp-content\/uploads\/2025\/10\/Triple-quadruple-room-2.webp","type":"image\/webp"}],"twitter_card":"summary_large_image","twitter_misc":{"Tiempo de lectura":"2 minutos"},"schema":{"@context":"https:\/\/schema.org","@graph":[{"@type":"WebPage","@id":"https:\/\/romearthotel.com\/es\/hotel\/","url":"https:\/\/romearthotel.com\/es\/hotel\/","name":"Rome Art Hotel \u2013 Historia y Dise\u00f1o Contempor\u00e1neo","isPartOf":{"@id":"https:\/\/romearthotel.com\/es\/#website"},"primaryImageOfPage":{"@id":"https:\/\/romearthotel.com\/es\/hotel\/#primaryimage"},"image":{"@id":"https:\/\/romearthotel.com\/es\/hotel\/#primaryimage"},"thumbnailUrl":"https:\/\/romearthotel.com\/wp-content\/uploads\/2025\/10\/Triple-quadruple-room-2-605x605.webp","datePublished":"2025-06-19T13:28:11+00:00","dateModified":"2026-01-22T16:46:32+00:00","description":"Descubra Rome Art Hotel, donde el encanto hist\u00f3rico de Roma se combina con la elegancia contempor\u00e1nea. Espacios refinados, comodidades.","breadcrumb":{"@id":"https:\/\/romearthotel.com\/es\/hotel\/#breadcrumb"},"inLanguage":"es","potentialAction":[{"@type":"ReadAction","target":["https:\/\/romearthotel.com\/es\/hotel\/"]}]},{"@type":"ImageObject","inLanguage":"es","@id":"https:\/\/romearthotel.com\/es\/hotel\/#primaryimage","url":"https:\/\/romearthotel.com\/wp-content\/uploads\/2025\/10\/Triple-quadruple-room-2-605x605.webp","contentUrl":"https:\/\/romearthotel.com\/wp-content\/uploads\/2025\/10\/Triple-quadruple-room-2-605x605.webp"},{"@type":"BreadcrumbList","@id":"https:\/\/romearthotel.com\/es\/hotel\/#breadcrumb","itemListElement":[{"@type":"ListItem","position":1,"name":"Home","item":"https:\/\/romearthotel.com\/es\/home\/"},{"@type":"ListItem","position":2,"name":"Hotel"}]},{"@type":"WebSite","@id":"https:\/\/romearthotel.com\/es\/#website","url":"https:\/\/romearthotel.com\/es\/","name":"RomeArt Hotel","description":"Nel cuore pulsante di Roma","publisher":{"@id":"https:\/\/romearthotel.com\/es\/#organization"},"potentialAction":[{"@type":"SearchAction","target":{"@type":"EntryPoint","urlTemplate":"https:\/\/romearthotel.com\/es\/?s={search_term_string}"},"query-input":{"@type":"PropertyValueSpecification","valueRequired":true,"valueName":"search_term_string"}}],"inLanguage":"es"},{"@type":"Organization","@id":"https:\/\/romearthotel.com\/es\/#organization","name":"RomeArt Hotel a Roma","url":"https:\/\/romearthotel.com\/es\/","logo":{"@type":"ImageObject","inLanguage":"es","@id":"https:\/\/romearthotel.com\/es\/#\/schema\/logo\/image\/","url":"https:\/\/romearthotel.com\/wp-content\/uploads\/2025\/10\/cropped-RomeArtHotel-logo.webp","contentUrl":"https:\/\/romearthotel.com\/wp-content\/uploads\/2025\/10\/cropped-RomeArtHotel-logo.webp","width":500,"height":60,"caption":"RomeArt Hotel a Roma"},"image":{"@id":"https:\/\/romearthotel.com\/es\/#\/schema\/logo\/image\/"},"sameAs":["https:\/\/www.facebook.com\/profile.php?id=61582053150194#","https:\/\/www.instagram.com\/romeart_hotel?igsh=MWp6c2I2M3plaHR6aw==&utm_source=qr"]}]}},"jetpack_sharing_enabled":true,"_links":{"self":[{"href":"https:\/\/romearthotel.com\/es\/wp-json\/wp\/v2\/pages\/2328","targetHints":{"allow":["GET"]}}],"collection":[{"href":"https:\/\/romearthotel.com\/es\/wp-json\/wp\/v2\/pages"}],"about":[{"href":"https:\/\/romearthotel.com\/es\/wp-json\/wp\/v2\/types\/page"}],"author":[{"embeddable":true,"href":"https:\/\/romearthotel.com\/es\/wp-json\/wp\/v2\/users\/1"}],"replies":[{"embeddable":true,"href":"https:\/\/romearthotel.com\/es\/wp-json\/wp\/v2\/comments?post=2328"}],"version-history":[{"count":10,"href":"https:\/\/romearthotel.com\/es\/wp-json\/wp\/v2\/pages\/2328\/revisions"}],"predecessor-version":[{"id":4114,"href":"https:\/\/romearthotel.com\/es\/wp-json\/wp\/v2\/pages\/2328\/revisions\/4114"}],"wp:attachment":[{"href":"https:\/\/romearthotel.com\/es\/wp-json\/wp\/v2\/media?parent=2328"}],"curies":[{"name":"wp","href":"https:\/\/api.w.org\/{rel}","templated":true}]}}