{"id":2625,"date":"2025-06-19T13:28:11","date_gmt":"2025-06-19T13:28:11","guid":{"rendered":"https:\/\/romearthotel.com\/hotel\/"},"modified":"2026-01-22T16:47:38","modified_gmt":"2026-01-22T16:47:38","slug":"hotel","status":"publish","type":"page","link":"https:\/\/romearthotel.com\/de\/hotel\/","title":{"rendered":"Hotel"},"content":{"rendered":"\t\t<div data-elementor-type=\"wp-page\" data-elementor-id=\"2625\" class=\"elementor elementor-2625 elementor-1096\" data-elementor-post-type=\"page\">\n\t\t\t\t\t\t<section class=\"elementor-section elementor-top-section elementor-element elementor-element-6f224e2 elementor-section-height-min-height elementor-section-boxed elementor-section-height-default elementor-section-items-middle\" data-id=\"6f224e2\" data-element_type=\"section\" data-e-type=\"section\" data-settings=\"{&quot;background_background&quot;:&quot;classic&quot;}\">\n\t\t\t\t\t\t<div class=\"elementor-container elementor-column-gap-default\">\n\t\t\t\t\t<div class=\"elementor-column elementor-col-100 elementor-top-column elementor-element elementor-element-c2b85b0\" data-id=\"c2b85b0\" data-element_type=\"column\" data-e-type=\"column\">\n\t\t\t<div class=\"elementor-widget-wrap\">\n\t\t\t\t\t\t\t<\/div>\n\t\t<\/div>\n\t\t\t\t\t<\/div>\n\t\t<\/section>\n\t\t\t\t<section class=\"elementor-section elementor-top-section elementor-element elementor-element-aa089c9 elementor-section-boxed elementor-section-height-default elementor-section-height-default\" data-id=\"aa089c9\" data-element_type=\"section\" data-e-type=\"section\" data-settings=\"{&quot;background_background&quot;:&quot;classic&quot;}\">\n\t\t\t\t\t\t<div class=\"elementor-container elementor-column-gap-default\">\n\t\t\t\t\t<div class=\"elementor-column elementor-col-100 elementor-top-column elementor-element elementor-element-29152d3\" data-id=\"29152d3\" data-element_type=\"column\" data-e-type=\"column\">\n\t\t\t<div class=\"elementor-widget-wrap elementor-element-populated\">\n\t\t\t\t\t\t<div class=\"elementor-element elementor-element-956e924 elementor-widget__width-auto elementor-hidden-tablet elementor-hidden-mobile elementor-widget-divider--view-line elementor-widget elementor-widget-divider\" data-id=\"956e924\" data-element_type=\"widget\" data-e-type=\"widget\" data-widget_type=\"divider.default\">\n\t\t\t\t<div class=\"elementor-widget-container\">\n\t\t\t\t\t\t\t<div class=\"elementor-divider\">\n\t\t\t<span class=\"elementor-divider-separator\">\n\t\t\t\t\t\t<\/span>\n\t\t<\/div>\n\t\t\t\t\t\t<\/div>\n\t\t\t\t<\/div>\n\t\t\t\t<div class=\"elementor-element elementor-element-0ad63e2 elementor-widget__width-auto elementor-widget elementor-widget-heading\" data-id=\"0ad63e2\" data-element_type=\"widget\" data-e-type=\"widget\" data-widget_type=\"heading.default\">\n\t\t\t\t<div class=\"elementor-widget-container\">\n\t\t\t\t\t<h1 class=\"elementor-heading-title elementor-size-default\">Rome Art Hotel<\/h1>\t\t\t\t<\/div>\n\t\t\t\t<\/div>\n\t\t\t\t\t<\/div>\n\t\t<\/div>\n\t\t\t\t\t<\/div>\n\t\t<\/section>\n\t\t\t\t<section class=\"elementor-section elementor-top-section elementor-element elementor-element-20ccd7b elementor-section-content-middle elementor-section-boxed elementor-section-height-default elementor-section-height-default\" data-id=\"20ccd7b\" data-element_type=\"section\" data-e-type=\"section\" data-settings=\"{&quot;background_background&quot;:&quot;classic&quot;}\">\n\t\t\t\t\t\t<div class=\"elementor-container elementor-column-gap-no\">\n\t\t\t\t\t<div class=\"elementor-column elementor-col-50 elementor-top-column elementor-element elementor-element-ccc226d\" data-id=\"ccc226d\" data-element_type=\"column\" data-e-type=\"column\">\n\t\t\t<div class=\"elementor-widget-wrap elementor-element-populated\">\n\t\t\t\t\t\t<div class=\"elementor-element elementor-element-d184c51 elementor-widget elementor-widget-heading\" data-id=\"d184c51\" data-element_type=\"widget\" data-e-type=\"widget\" data-widget_type=\"heading.default\">\n\t\t\t\t<div class=\"elementor-widget-container\">\n\t\t\t\t\t<h4 class=\"elementor-heading-title elementor-size-default\">In einem historischen Geb\u00e4ude, zwischen der Spanischen Treppe und dem Trevi-Brunnen.<\/h4>\t\t\t\t<\/div>\n\t\t\t\t<\/div>\n\t\t\t\t<div class=\"elementor-element elementor-element-321079d elementor-widget elementor-widget-text-editor\" data-id=\"321079d\" data-element_type=\"widget\" data-e-type=\"widget\" data-widget_type=\"text-editor.default\">\n\t\t\t\t<div class=\"elementor-widget-container\">\n\t\t\t\t\t\t\t\t\t<p>Das Hotel liegt strategisch g\u00fcnstig zwischen dem <strong>Pantheon, der Spanischen Treppe und dem Trevi-Brunnen<\/strong>, im Herzen der Altstadt und in unmittelbarer N\u00e4he zu Italiens wichtigstem Luxus-Einkaufszentrum.<\/p><p>Die 36 k\u00fcrzlich renovierten Zimmer des Hotels empfangen G\u00e4ste in hellen und eleganten R\u00e4umen, die modern eingerichtet sind und maximalen Komfort sowie eine entspannende Atmosph\u00e4re bieten.<\/p><p>Das Hotel besteht aus zwei gegen\u00fcberliegenden Geb\u00e4uden: Im Hauptgeb\u00e4ude befinden sich neun Zimmer und die 24-Stunden-Rezeption. Der Anbau, gegen\u00fcber dem Hauptgeb\u00e4ude in einem charmanten historischen Geb\u00e4ude, beherbergt die restlichen 27 ger\u00e4umigen Zimmer, ideal f\u00fcr gro\u00dfe Familien. Er verf\u00fcgt au\u00dferdem \u00fcber einen Fr\u00fchst\u00fccksraum \u2013 der perfekte Ort f\u00fcr einen genussvollen und entspannten Start in den Tag. Der Zugang zum Anbau erfolgt \u00fcber wenige Stufen, wodurch der authentische Charakter und der architektonische Charme des Hotels erhalten bleiben.<\/p><p>\u00a0<\/p>\t\t\t\t\t\t\t\t<\/div>\n\t\t\t\t<\/div>\n\t\t\t\t\t<\/div>\n\t\t<\/div>\n\t\t\t\t<div class=\"elementor-column elementor-col-50 elementor-top-column elementor-element elementor-element-f1bb709\" data-id=\"f1bb709\" data-element_type=\"column\" data-e-type=\"column\">\n\t\t\t<div class=\"elementor-widget-wrap elementor-element-populated\">\n\t\t\t\t\t\t<section class=\"elementor-section elementor-inner-section elementor-element elementor-element-cfc34fe elementor-section-full_width elementor-section-height-default elementor-section-height-default\" data-id=\"cfc34fe\" data-element_type=\"section\" data-e-type=\"section\">\n\t\t\t\t\t\t<div class=\"elementor-container elementor-column-gap-narrow\">\n\t\t\t\t\t<div class=\"elementor-column elementor-col-50 elementor-inner-column elementor-element elementor-element-13744d9\" data-id=\"13744d9\" data-element_type=\"column\" data-e-type=\"column\">\n\t\t\t<div class=\"elementor-widget-wrap elementor-element-populated\">\n\t\t\t\t\t\t<div class=\"elementor-element elementor-element-6682d4b elementor-widget elementor-widget-image\" data-id=\"6682d4b\" data-element_type=\"widget\" data-e-type=\"widget\" data-widget_type=\"image.default\">\n\t\t\t\t<div class=\"elementor-widget-container\">\n\t\t\t\t\t\t\t\t\t\t\t\t\t\t\t<img loading=\"lazy\" decoding=\"async\" width=\"605\" height=\"605\" src=\"https:\/\/romearthotel.com\/wp-content\/uploads\/2025\/10\/Triple-quadruple-room-2-605x605.webp\" class=\"attachment-th_img_md_square size-th_img_md_square wp-image-2814\" alt=\"\" srcset=\"https:\/\/romearthotel.com\/wp-content\/uploads\/2025\/10\/Triple-quadruple-room-2-605x605.webp 605w, https:\/\/romearthotel.com\/wp-content\/uploads\/2025\/10\/Triple-quadruple-room-2-300x300.webp 300w, https:\/\/romearthotel.com\/wp-content\/uploads\/2025\/10\/Triple-quadruple-room-2-150x150.webp 150w, https:\/\/romearthotel.com\/wp-content\/uploads\/2025\/10\/Triple-quadruple-room-2-768x768.webp 768w, https:\/\/romearthotel.com\/wp-content\/uploads\/2025\/10\/Triple-quadruple-room-2-80x80.webp 80w, https:\/\/romearthotel.com\/wp-content\/uploads\/2025\/10\/Triple-quadruple-room-2-394x394.webp 394w, https:\/\/romearthotel.com\/wp-content\/uploads\/2025\/10\/Triple-quadruple-room-2-303x303.webp 303w, https:\/\/romearthotel.com\/wp-content\/uploads\/2025\/10\/Triple-quadruple-room-2-700x700.webp 700w, https:\/\/romearthotel.com\/wp-content\/uploads\/2025\/10\/Triple-quadruple-room-2-950x950.webp 950w, https:\/\/romearthotel.com\/wp-content\/uploads\/2025\/10\/Triple-quadruple-room-2-100x100.webp 100w, https:\/\/romearthotel.com\/wp-content\/uploads\/2025\/10\/Triple-quadruple-room-2.webp 1020w\" sizes=\"auto, (max-width: 605px) 100vw, 605px\" \/>\t\t\t\t\t\t\t\t\t\t\t\t\t\t\t<\/div>\n\t\t\t\t<\/div>\n\t\t\t\t\t<\/div>\n\t\t<\/div>\n\t\t\t\t<div class=\"elementor-column elementor-col-50 elementor-inner-column elementor-element elementor-element-1df6dee\" data-id=\"1df6dee\" data-element_type=\"column\" data-e-type=\"column\">\n\t\t\t<div class=\"elementor-widget-wrap elementor-element-populated\">\n\t\t\t\t\t\t<div class=\"elementor-element elementor-element-a1a46e9 elementor-widget elementor-widget-image\" data-id=\"a1a46e9\" data-element_type=\"widget\" data-e-type=\"widget\" data-widget_type=\"image.default\">\n\t\t\t\t<div class=\"elementor-widget-container\">\n\t\t\t\t\t\t\t\t\t\t\t\t\t\t\t<img loading=\"lazy\" decoding=\"async\" width=\"605\" height=\"605\" src=\"https:\/\/romearthotel.com\/wp-content\/uploads\/2025\/10\/IMG_20250724_124415-605x605.webp\" class=\"attachment-th_img_md_square size-th_img_md_square wp-image-2809\" alt=\"\" srcset=\"https:\/\/romearthotel.com\/wp-content\/uploads\/2025\/10\/IMG_20250724_124415-605x605.webp 605w, https:\/\/romearthotel.com\/wp-content\/uploads\/2025\/10\/IMG_20250724_124415-300x300.webp 300w, https:\/\/romearthotel.com\/wp-content\/uploads\/2025\/10\/IMG_20250724_124415-150x150.webp 150w, https:\/\/romearthotel.com\/wp-content\/uploads\/2025\/10\/IMG_20250724_124415-768x768.webp 768w, https:\/\/romearthotel.com\/wp-content\/uploads\/2025\/10\/IMG_20250724_124415-80x80.webp 80w, https:\/\/romearthotel.com\/wp-content\/uploads\/2025\/10\/IMG_20250724_124415-394x394.webp 394w, https:\/\/romearthotel.com\/wp-content\/uploads\/2025\/10\/IMG_20250724_124415-303x303.webp 303w, https:\/\/romearthotel.com\/wp-content\/uploads\/2025\/10\/IMG_20250724_124415-700x700.webp 700w, https:\/\/romearthotel.com\/wp-content\/uploads\/2025\/10\/IMG_20250724_124415-950x950.webp 950w, https:\/\/romearthotel.com\/wp-content\/uploads\/2025\/10\/IMG_20250724_124415-100x100.webp 100w, https:\/\/romearthotel.com\/wp-content\/uploads\/2025\/10\/IMG_20250724_124415.webp 1020w\" sizes=\"auto, (max-width: 605px) 100vw, 605px\" \/>\t\t\t\t\t\t\t\t\t\t\t\t\t\t\t<\/div>\n\t\t\t\t<\/div>\n\t\t\t\t\t<\/div>\n\t\t<\/div>\n\t\t\t\t\t<\/div>\n\t\t<\/section>\n\t\t\t\t<section class=\"elementor-section elementor-inner-section elementor-element elementor-element-119c3a0 elementor-section-full_width elementor-section-height-default elementor-section-height-default\" data-id=\"119c3a0\" data-element_type=\"section\" data-e-type=\"section\">\n\t\t\t\t\t\t<div class=\"elementor-container elementor-column-gap-narrow\">\n\t\t\t\t\t<div class=\"elementor-column elementor-col-50 elementor-inner-column elementor-element elementor-element-08017b9\" data-id=\"08017b9\" data-element_type=\"column\" data-e-type=\"column\">\n\t\t\t<div class=\"elementor-widget-wrap elementor-element-populated\">\n\t\t\t\t\t\t<div class=\"elementor-element elementor-element-dcbb115 elementor-widget elementor-widget-image\" data-id=\"dcbb115\" data-element_type=\"widget\" data-e-type=\"widget\" data-widget_type=\"image.default\">\n\t\t\t\t<div class=\"elementor-widget-container\">\n\t\t\t\t\t\t\t\t\t\t\t\t\t\t\t<img loading=\"lazy\" decoding=\"async\" width=\"605\" height=\"605\" src=\"https:\/\/romearthotel.com\/wp-content\/uploads\/2025\/10\/IMG_20250724_123613-605x605.webp\" class=\"attachment-th_img_md_square size-th_img_md_square wp-image-2804\" alt=\"\" srcset=\"https:\/\/romearthotel.com\/wp-content\/uploads\/2025\/10\/IMG_20250724_123613-605x605.webp 605w, https:\/\/romearthotel.com\/wp-content\/uploads\/2025\/10\/IMG_20250724_123613-300x300.webp 300w, https:\/\/romearthotel.com\/wp-content\/uploads\/2025\/10\/IMG_20250724_123613-150x150.webp 150w, https:\/\/romearthotel.com\/wp-content\/uploads\/2025\/10\/IMG_20250724_123613-768x768.webp 768w, https:\/\/romearthotel.com\/wp-content\/uploads\/2025\/10\/IMG_20250724_123613-80x80.webp 80w, https:\/\/romearthotel.com\/wp-content\/uploads\/2025\/10\/IMG_20250724_123613-394x394.webp 394w, https:\/\/romearthotel.com\/wp-content\/uploads\/2025\/10\/IMG_20250724_123613-303x303.webp 303w, https:\/\/romearthotel.com\/wp-content\/uploads\/2025\/10\/IMG_20250724_123613-700x700.webp 700w, https:\/\/romearthotel.com\/wp-content\/uploads\/2025\/10\/IMG_20250724_123613-950x950.webp 950w, https:\/\/romearthotel.com\/wp-content\/uploads\/2025\/10\/IMG_20250724_123613-100x100.webp 100w, https:\/\/romearthotel.com\/wp-content\/uploads\/2025\/10\/IMG_20250724_123613.webp 1020w\" sizes=\"auto, (max-width: 605px) 100vw, 605px\" \/>\t\t\t\t\t\t\t\t\t\t\t\t\t\t\t<\/div>\n\t\t\t\t<\/div>\n\t\t\t\t\t<\/div>\n\t\t<\/div>\n\t\t\t\t<div class=\"elementor-column elementor-col-50 elementor-inner-column elementor-element elementor-element-c6446f5\" data-id=\"c6446f5\" data-element_type=\"column\" data-e-type=\"column\">\n\t\t\t<div class=\"elementor-widget-wrap elementor-element-populated\">\n\t\t\t\t\t\t<div class=\"elementor-element elementor-element-9dbf8f7 elementor-widget elementor-widget-image\" data-id=\"9dbf8f7\" data-element_type=\"widget\" data-e-type=\"widget\" data-widget_type=\"image.default\">\n\t\t\t\t<div class=\"elementor-widget-container\">\n\t\t\t\t\t\t\t\t\t\t\t\t\t\t\t<img loading=\"lazy\" decoding=\"async\" width=\"605\" height=\"605\" src=\"https:\/\/romearthotel.com\/wp-content\/uploads\/2025\/10\/IMG_20250724_122433-605x605.webp\" class=\"attachment-th_img_md_square size-th_img_md_square wp-image-2799\" alt=\"\" srcset=\"https:\/\/romearthotel.com\/wp-content\/uploads\/2025\/10\/IMG_20250724_122433-605x605.webp 605w, https:\/\/romearthotel.com\/wp-content\/uploads\/2025\/10\/IMG_20250724_122433-300x300.webp 300w, https:\/\/romearthotel.com\/wp-content\/uploads\/2025\/10\/IMG_20250724_122433-150x150.webp 150w, https:\/\/romearthotel.com\/wp-content\/uploads\/2025\/10\/IMG_20250724_122433-768x768.webp 768w, https:\/\/romearthotel.com\/wp-content\/uploads\/2025\/10\/IMG_20250724_122433-80x80.webp 80w, https:\/\/romearthotel.com\/wp-content\/uploads\/2025\/10\/IMG_20250724_122433-394x394.webp 394w, https:\/\/romearthotel.com\/wp-content\/uploads\/2025\/10\/IMG_20250724_122433-303x303.webp 303w, https:\/\/romearthotel.com\/wp-content\/uploads\/2025\/10\/IMG_20250724_122433-700x700.webp 700w, https:\/\/romearthotel.com\/wp-content\/uploads\/2025\/10\/IMG_20250724_122433-950x950.webp 950w, https:\/\/romearthotel.com\/wp-content\/uploads\/2025\/10\/IMG_20250724_122433-100x100.webp 100w, https:\/\/romearthotel.com\/wp-content\/uploads\/2025\/10\/IMG_20250724_122433.webp 1020w\" sizes=\"auto, (max-width: 605px) 100vw, 605px\" \/>\t\t\t\t\t\t\t\t\t\t\t\t\t\t\t<\/div>\n\t\t\t\t<\/div>\n\t\t\t\t\t<\/div>\n\t\t<\/div>\n\t\t\t\t\t<\/div>\n\t\t<\/section>\n\t\t\t\t\t<\/div>\n\t\t<\/div>\n\t\t\t\t\t<\/div>\n\t\t<\/section>\n\t\t\t\t<\/div>\n\t\t","protected":false},"excerpt":{"rendered":"<p>Rome Art Hotel In einem historischen Geb\u00e4ude, zwischen der Spanischen Treppe und dem Trevi-Brunnen. Das Hotel liegt strategisch g\u00fcnstig zwischen dem Pantheon, der Spanischen Treppe und dem Trevi-Brunnen, im Herzen der Altstadt und in unmittelbarer N\u00e4he zu Italiens wichtigstem Luxus-Einkaufszentrum. &hellip; <a href=\"https:\/\/romearthotel.com\/de\/hotel\/\">Read More<\/a><\/p>\n","protected":false},"author":1,"featured_media":0,"parent":0,"menu_order":0,"comment_status":"closed","ping_status":"closed","template":"","meta":{"footnotes":""},"class_list":["post-2625","page","type-page","status-publish","hentry"],"yoast_head":"<!-- This site is optimized with the Yoast SEO plugin v27.3 - https:\/\/yoast.com\/product\/yoast-seo-wordpress\/ -->\n<title>Rome Art Hotel \u2013 Geschichte trifft modernes Design im Zentrum<\/title>\n<meta name=\"description\" content=\"Entdecken Sie das Rome Art Hotel, wo historischer Charme auf zeitgen\u00f6ssische Eleganz trifft. Stilvolle R\u00e4ume, moderne Annehmlichkeiten.\" \/>\n<meta name=\"robots\" content=\"index, follow, max-snippet:-1, max-image-preview:large, max-video-preview:-1\" \/>\n<link rel=\"canonical\" href=\"https:\/\/romearthotel.com\/de\/hotel\/\" \/>\n<meta property=\"og:locale\" content=\"de_DE\" \/>\n<meta property=\"og:type\" content=\"article\" \/>\n<meta property=\"og:title\" content=\"Rome Art Hotel \u2013 Geschichte trifft modernes Design im Zentrum\" \/>\n<meta property=\"og:description\" content=\"Entdecken Sie das Rome Art Hotel, wo historischer Charme auf zeitgen\u00f6ssische Eleganz trifft. Stilvolle R\u00e4ume, moderne Annehmlichkeiten.\" \/>\n<meta property=\"og:url\" content=\"https:\/\/romearthotel.com\/de\/hotel\/\" \/>\n<meta property=\"og:site_name\" content=\"Roma Art Hotel\" \/>\n<meta property=\"article:publisher\" content=\"https:\/\/www.facebook.com\/profile.php?id=61582053150194#\" \/>\n<meta property=\"article:modified_time\" content=\"2026-01-22T16:47:38+00:00\" \/>\n<meta property=\"og:image\" content=\"https:\/\/romearthotel.com\/wp-content\/uploads\/2025\/10\/Triple-quadruple-room-2.webp\" \/>\n\t<meta property=\"og:image:width\" content=\"1020\" \/>\n\t<meta property=\"og:image:height\" content=\"1020\" \/>\n\t<meta property=\"og:image:type\" content=\"image\/webp\" \/>\n<meta name=\"twitter:card\" content=\"summary_large_image\" \/>\n<meta name=\"twitter:label1\" content=\"Gesch\u00e4tzte Lesezeit\" \/>\n\t<meta name=\"twitter:data1\" content=\"2\u00a0Minuten\" \/>\n<script type=\"application\/ld+json\" class=\"yoast-schema-graph\">{\"@context\":\"https:\\\/\\\/schema.org\",\"@graph\":[{\"@type\":\"WebPage\",\"@id\":\"https:\\\/\\\/romearthotel.com\\\/de\\\/hotel\\\/\",\"url\":\"https:\\\/\\\/romearthotel.com\\\/de\\\/hotel\\\/\",\"name\":\"Rome Art Hotel \u2013 Geschichte trifft modernes Design im Zentrum\",\"isPartOf\":{\"@id\":\"https:\\\/\\\/romearthotel.com\\\/de\\\/#website\"},\"primaryImageOfPage\":{\"@id\":\"https:\\\/\\\/romearthotel.com\\\/de\\\/hotel\\\/#primaryimage\"},\"image\":{\"@id\":\"https:\\\/\\\/romearthotel.com\\\/de\\\/hotel\\\/#primaryimage\"},\"thumbnailUrl\":\"https:\\\/\\\/romearthotel.com\\\/wp-content\\\/uploads\\\/2025\\\/10\\\/Triple-quadruple-room-2-605x605.webp\",\"datePublished\":\"2025-06-19T13:28:11+00:00\",\"dateModified\":\"2026-01-22T16:47:38+00:00\",\"description\":\"Entdecken Sie das Rome Art Hotel, wo historischer Charme auf zeitgen\u00f6ssische Eleganz trifft. Stilvolle R\u00e4ume, moderne Annehmlichkeiten.\",\"breadcrumb\":{\"@id\":\"https:\\\/\\\/romearthotel.com\\\/de\\\/hotel\\\/#breadcrumb\"},\"inLanguage\":\"de\",\"potentialAction\":[{\"@type\":\"ReadAction\",\"target\":[\"https:\\\/\\\/romearthotel.com\\\/de\\\/hotel\\\/\"]}]},{\"@type\":\"ImageObject\",\"inLanguage\":\"de\",\"@id\":\"https:\\\/\\\/romearthotel.com\\\/de\\\/hotel\\\/#primaryimage\",\"url\":\"https:\\\/\\\/romearthotel.com\\\/wp-content\\\/uploads\\\/2025\\\/10\\\/Triple-quadruple-room-2-605x605.webp\",\"contentUrl\":\"https:\\\/\\\/romearthotel.com\\\/wp-content\\\/uploads\\\/2025\\\/10\\\/Triple-quadruple-room-2-605x605.webp\"},{\"@type\":\"BreadcrumbList\",\"@id\":\"https:\\\/\\\/romearthotel.com\\\/de\\\/hotel\\\/#breadcrumb\",\"itemListElement\":[{\"@type\":\"ListItem\",\"position\":1,\"name\":\"Home\",\"item\":\"https:\\\/\\\/romearthotel.com\\\/de\\\/home-3\\\/\"},{\"@type\":\"ListItem\",\"position\":2,\"name\":\"Hotel\"}]},{\"@type\":\"WebSite\",\"@id\":\"https:\\\/\\\/romearthotel.com\\\/de\\\/#website\",\"url\":\"https:\\\/\\\/romearthotel.com\\\/de\\\/\",\"name\":\"RomeArt Hotel\",\"description\":\"Nel cuore pulsante di Roma\",\"publisher\":{\"@id\":\"https:\\\/\\\/romearthotel.com\\\/de\\\/#organization\"},\"potentialAction\":[{\"@type\":\"SearchAction\",\"target\":{\"@type\":\"EntryPoint\",\"urlTemplate\":\"https:\\\/\\\/romearthotel.com\\\/de\\\/?s={search_term_string}\"},\"query-input\":{\"@type\":\"PropertyValueSpecification\",\"valueRequired\":true,\"valueName\":\"search_term_string\"}}],\"inLanguage\":\"de\"},{\"@type\":\"Organization\",\"@id\":\"https:\\\/\\\/romearthotel.com\\\/de\\\/#organization\",\"name\":\"RomeArt Hotel a Roma\",\"url\":\"https:\\\/\\\/romearthotel.com\\\/de\\\/\",\"logo\":{\"@type\":\"ImageObject\",\"inLanguage\":\"de\",\"@id\":\"https:\\\/\\\/romearthotel.com\\\/de\\\/#\\\/schema\\\/logo\\\/image\\\/\",\"url\":\"https:\\\/\\\/romearthotel.com\\\/wp-content\\\/uploads\\\/2025\\\/10\\\/cropped-RomeArtHotel-logo.webp\",\"contentUrl\":\"https:\\\/\\\/romearthotel.com\\\/wp-content\\\/uploads\\\/2025\\\/10\\\/cropped-RomeArtHotel-logo.webp\",\"width\":500,\"height\":60,\"caption\":\"RomeArt Hotel a Roma\"},\"image\":{\"@id\":\"https:\\\/\\\/romearthotel.com\\\/de\\\/#\\\/schema\\\/logo\\\/image\\\/\"},\"sameAs\":[\"https:\\\/\\\/www.facebook.com\\\/profile.php?id=61582053150194#\",\"https:\\\/\\\/www.instagram.com\\\/romeart_hotel?igsh=MWp6c2I2M3plaHR6aw==&utm_source=qr\"]}]}<\/script>\n<!-- \/ Yoast SEO plugin. -->","yoast_head_json":{"title":"Rome Art Hotel \u2013 Geschichte trifft modernes Design im Zentrum","description":"Entdecken Sie das Rome Art Hotel, wo historischer Charme auf zeitgen\u00f6ssische Eleganz trifft. Stilvolle R\u00e4ume, moderne Annehmlichkeiten.","robots":{"index":"index","follow":"follow","max-snippet":"max-snippet:-1","max-image-preview":"max-image-preview:large","max-video-preview":"max-video-preview:-1"},"canonical":"https:\/\/romearthotel.com\/de\/hotel\/","og_locale":"de_DE","og_type":"article","og_title":"Rome Art Hotel \u2013 Geschichte trifft modernes Design im Zentrum","og_description":"Entdecken Sie das Rome Art Hotel, wo historischer Charme auf zeitgen\u00f6ssische Eleganz trifft. Stilvolle R\u00e4ume, moderne Annehmlichkeiten.","og_url":"https:\/\/romearthotel.com\/de\/hotel\/","og_site_name":"Roma Art Hotel","article_publisher":"https:\/\/www.facebook.com\/profile.php?id=61582053150194#","article_modified_time":"2026-01-22T16:47:38+00:00","og_image":[{"width":1020,"height":1020,"url":"https:\/\/romearthotel.com\/wp-content\/uploads\/2025\/10\/Triple-quadruple-room-2.webp","type":"image\/webp"}],"twitter_card":"summary_large_image","twitter_misc":{"Gesch\u00e4tzte Lesezeit":"2\u00a0Minuten"},"schema":{"@context":"https:\/\/schema.org","@graph":[{"@type":"WebPage","@id":"https:\/\/romearthotel.com\/de\/hotel\/","url":"https:\/\/romearthotel.com\/de\/hotel\/","name":"Rome Art Hotel \u2013 Geschichte trifft modernes Design im Zentrum","isPartOf":{"@id":"https:\/\/romearthotel.com\/de\/#website"},"primaryImageOfPage":{"@id":"https:\/\/romearthotel.com\/de\/hotel\/#primaryimage"},"image":{"@id":"https:\/\/romearthotel.com\/de\/hotel\/#primaryimage"},"thumbnailUrl":"https:\/\/romearthotel.com\/wp-content\/uploads\/2025\/10\/Triple-quadruple-room-2-605x605.webp","datePublished":"2025-06-19T13:28:11+00:00","dateModified":"2026-01-22T16:47:38+00:00","description":"Entdecken Sie das Rome Art Hotel, wo historischer Charme auf zeitgen\u00f6ssische Eleganz trifft. Stilvolle R\u00e4ume, moderne Annehmlichkeiten.","breadcrumb":{"@id":"https:\/\/romearthotel.com\/de\/hotel\/#breadcrumb"},"inLanguage":"de","potentialAction":[{"@type":"ReadAction","target":["https:\/\/romearthotel.com\/de\/hotel\/"]}]},{"@type":"ImageObject","inLanguage":"de","@id":"https:\/\/romearthotel.com\/de\/hotel\/#primaryimage","url":"https:\/\/romearthotel.com\/wp-content\/uploads\/2025\/10\/Triple-quadruple-room-2-605x605.webp","contentUrl":"https:\/\/romearthotel.com\/wp-content\/uploads\/2025\/10\/Triple-quadruple-room-2-605x605.webp"},{"@type":"BreadcrumbList","@id":"https:\/\/romearthotel.com\/de\/hotel\/#breadcrumb","itemListElement":[{"@type":"ListItem","position":1,"name":"Home","item":"https:\/\/romearthotel.com\/de\/home-3\/"},{"@type":"ListItem","position":2,"name":"Hotel"}]},{"@type":"WebSite","@id":"https:\/\/romearthotel.com\/de\/#website","url":"https:\/\/romearthotel.com\/de\/","name":"RomeArt Hotel","description":"Nel cuore pulsante di Roma","publisher":{"@id":"https:\/\/romearthotel.com\/de\/#organization"},"potentialAction":[{"@type":"SearchAction","target":{"@type":"EntryPoint","urlTemplate":"https:\/\/romearthotel.com\/de\/?s={search_term_string}"},"query-input":{"@type":"PropertyValueSpecification","valueRequired":true,"valueName":"search_term_string"}}],"inLanguage":"de"},{"@type":"Organization","@id":"https:\/\/romearthotel.com\/de\/#organization","name":"RomeArt Hotel a Roma","url":"https:\/\/romearthotel.com\/de\/","logo":{"@type":"ImageObject","inLanguage":"de","@id":"https:\/\/romearthotel.com\/de\/#\/schema\/logo\/image\/","url":"https:\/\/romearthotel.com\/wp-content\/uploads\/2025\/10\/cropped-RomeArtHotel-logo.webp","contentUrl":"https:\/\/romearthotel.com\/wp-content\/uploads\/2025\/10\/cropped-RomeArtHotel-logo.webp","width":500,"height":60,"caption":"RomeArt Hotel a Roma"},"image":{"@id":"https:\/\/romearthotel.com\/de\/#\/schema\/logo\/image\/"},"sameAs":["https:\/\/www.facebook.com\/profile.php?id=61582053150194#","https:\/\/www.instagram.com\/romeart_hotel?igsh=MWp6c2I2M3plaHR6aw==&utm_source=qr"]}]}},"jetpack_sharing_enabled":true,"_links":{"self":[{"href":"https:\/\/romearthotel.com\/de\/wp-json\/wp\/v2\/pages\/2625","targetHints":{"allow":["GET"]}}],"collection":[{"href":"https:\/\/romearthotel.com\/de\/wp-json\/wp\/v2\/pages"}],"about":[{"href":"https:\/\/romearthotel.com\/de\/wp-json\/wp\/v2\/types\/page"}],"author":[{"embeddable":true,"href":"https:\/\/romearthotel.com\/de\/wp-json\/wp\/v2\/users\/1"}],"replies":[{"embeddable":true,"href":"https:\/\/romearthotel.com\/de\/wp-json\/wp\/v2\/comments?post=2625"}],"version-history":[{"count":10,"href":"https:\/\/romearthotel.com\/de\/wp-json\/wp\/v2\/pages\/2625\/revisions"}],"predecessor-version":[{"id":4117,"href":"https:\/\/romearthotel.com\/de\/wp-json\/wp\/v2\/pages\/2625\/revisions\/4117"}],"wp:attachment":[{"href":"https:\/\/romearthotel.com\/de\/wp-json\/wp\/v2\/media?parent=2625"}],"curies":[{"name":"wp","href":"https:\/\/api.w.org\/{rel}","templated":true}]}}